{"id":11,"date":"2018-02-08T19:49:16","date_gmt":"2018-02-08T18:49:16","guid":{"rendered":"http:\/\/lacdegrandmaison.fr\/cms\/?page_id=11"},"modified":"2018-06-02T08:24:58","modified_gmt":"2018-06-02T06:24:58","slug":"activites-alentours","status":"publish","type":"page","link":"http:\/\/lacdegrandmaison.fr\/cms\/activites-alentours\/","title":{"rendered":"Activit\u00e9s alentours"},"content":{"rendered":"<p>Une navette gratuite peut vous amener jusqu&rsquo;\u00e0 la station-village pour le ski l&rsquo;hiver, sur le domaine de l&rsquo;Alpes d&rsquo;Huez, et la piscine l&rsquo;\u00e9t\u00e9, avec ses hammams et jacuzzis.<\/p>\n<p>Une promenade tranquille \u00e0 pied, en passant par l&rsquo;Enversin d&rsquo;Oz, pourra aussi vous y conduire. Le chemin communal passe juste derri\u00e8re et permet d&rsquo;atteindre le Rivier d&rsquo;Allemont puis le barrage de Grand&rsquo;Maison (9 km en tout). En v\u00e9lo, il ne reste que 300 m\u00e8tres de d\u00e9nivel\u00e9 pour atteindre nos 1000 m\u00e8tres d&rsquo;altitude apr\u00e8s un p\u00e9riple dans les cols alentours.<\/p>\n","protected":false},"excerpt":{"rendered":"<p>Une navette gratuite peut vous amener jusqu&rsquo;\u00e0 la station-village pour le ski l&rsquo;hiver, sur le domaine de l&rsquo;Alpes d&rsquo;Huez, et la piscine l&rsquo;\u00e9t\u00e9, avec ses hammams et jacuzzis. Une promenade tranquille \u00e0 pied, en passant par l&rsquo;Enversin d&rsquo;Oz, pourra aussi vous y conduire. Le chemin communal passe juste derri\u00e8re et permet d&rsquo;atteindre le Rivier d&rsquo;Allemont &hellip; <\/p>\n<p class=\"link-more\"><a href=\"http:\/\/lacdegrandmaison.fr\/cms\/activites-alentours\/\" class=\"more-link\">Continuer la lecture<span class=\"screen-reader-text\"> de &laquo;&nbsp;Activit\u00e9s alentours&nbsp;&raquo;<\/span><\/a><\/p>\n","protected":false},"author":1,"featured_media":46,"parent":0,"menu_order":0,"comment_status":"closed","ping_status":"closed","template":"","meta":[],"_links":{"self":[{"href":"http:\/\/lacdegrandmaison.fr\/cms\/wp-json\/wp\/v2\/pages\/11"}],"collection":[{"href":"http:\/\/lacdegrandmaison.fr\/cms\/wp-json\/wp\/v2\/pages"}],"about":[{"href":"http:\/\/lacdegrandmaison.fr\/cms\/wp-json\/wp\/v2\/types\/page"}],"author":[{"embeddable":true,"href":"http:\/\/lacdegrandmaison.fr\/cms\/wp-json\/wp\/v2\/users\/1"}],"replies":[{"embeddable":true,"href":"http:\/\/lacdegrandmaison.fr\/cms\/wp-json\/wp\/v2\/comments?post=11"}],"version-history":[{"count":12,"href":"http:\/\/lacdegrandmaison.fr\/cms\/wp-json\/wp\/v2\/pages\/11\/revisions"}],"predecessor-version":[{"id":183,"href":"http:\/\/lacdegrandmaison.fr\/cms\/wp-json\/wp\/v2\/pages\/11\/revisions\/183"}],"wp:featuredmedia":[{"embeddable":true,"href":"http:\/\/lacdegrandmaison.fr\/cms\/wp-json\/wp\/v2\/media\/46"}],"wp:attachment":[{"href":"http:\/\/lacdegrandmaison.fr\/cms\/wp-json\/wp\/v2\/media?parent=11"}],"curies":[{"name":"wp","href":"https:\/\/api.w.org\/{rel}","templated":true}]}}