{"id":2,"date":"2018-02-08T19:39:48","date_gmt":"2018-02-08T18:39:48","guid":{"rendered":"http:\/\/lacdegrandmaison.fr\/cms\/?page_id=2"},"modified":"2022-09-28T16:11:04","modified_gmt":"2022-09-28T14:11:04","slug":"offres-de-location","status":"publish","type":"page","link":"http:\/\/lacdegrandmaison.fr\/cms\/offres-de-location\/","title":{"rendered":"Offres de location"},"content":{"rendered":"<p>Nous proposons 5 logements \u00e9quip\u00e9s, 1 chambre. Nous avons aussi au rez-de-chauss\u00e9e, tout un espace pouvant recevoir du public qui ouvrira bient\u00f4t en restaurant, mais en attendant peut \u00eatre utilis\u00e9 pour des \u00e9v\u00e9nements.<\/p>\n<p>Tous les logements sont diff\u00e9rents et joliment am\u00e9nag\u00e9s. Un logement est id\u00e9al pour les sportifs, un autre convient \u00e0 une petite famille, un autre est assez spacieux pour se croire dans une petite maison.<\/p>\n<p>L\u2019espace de r\u00e9ception contient une salle vout\u00e9e pouvant accueillir 60 personnes, un bar et sa salle de bar.<\/p>\n<p>Voir<\/p>\n<ul>\n<li>la <a href=\"logements\/\">description des logements<\/a><\/li>\n<li>les <a href=\"https:\/\/lacdegrandmaison.fr\/cms\/reservations\/\">moyens pour demander une r\u00e9servation<\/a> (par les centrales de r\u00e9servations : AIrBnB,\u00a0 G\u00eetes de France, ou en contact direct avec nous)<\/li>\n<li>la <a href=\"https:\/\/lacdegrandmaison.fr\/cms\/offres-de-location\/evenementiel\/\">description de l&rsquo;offre de location \u00ab\u00a0du b\u00e2timent\u00a0\u00bb pour un \u00e9v\u00e9nement<\/a><\/li>\n<\/ul>\n","protected":false},"excerpt":{"rendered":"<p>Nous proposons 5 logements \u00e9quip\u00e9s, 1 chambre. Nous avons aussi au rez-de-chauss\u00e9e, tout un espace pouvant recevoir du public qui ouvrira bient\u00f4t en restaurant, mais en attendant peut \u00eatre utilis\u00e9 pour des \u00e9v\u00e9nements. Tous les logements sont diff\u00e9rents et joliment am\u00e9nag\u00e9s. Un logement est id\u00e9al pour les sportifs, un autre convient \u00e0 une petite famille, &hellip; <\/p>\n<p class=\"link-more\"><a href=\"http:\/\/lacdegrandmaison.fr\/cms\/offres-de-location\/\" class=\"more-link\">Continuer la lecture<span class=\"screen-reader-text\"> de &laquo;&nbsp;Offres de location&nbsp;&raquo;<\/span><\/a><\/p>\n","protected":false},"author":1,"featured_media":115,"parent":0,"menu_order":0,"comment_status":"closed","ping_status":"closed","template":"","meta":[],"_links":{"self":[{"href":"http:\/\/lacdegrandmaison.fr\/cms\/wp-json\/wp\/v2\/pages\/2"}],"collection":[{"href":"http:\/\/lacdegrandmaison.fr\/cms\/wp-json\/wp\/v2\/pages"}],"about":[{"href":"http:\/\/lacdegrandmaison.fr\/cms\/wp-json\/wp\/v2\/types\/page"}],"author":[{"embeddable":true,"href":"http:\/\/lacdegrandmaison.fr\/cms\/wp-json\/wp\/v2\/users\/1"}],"replies":[{"embeddable":true,"href":"http:\/\/lacdegrandmaison.fr\/cms\/wp-json\/wp\/v2\/comments?post=2"}],"version-history":[{"count":14,"href":"http:\/\/lacdegrandmaison.fr\/cms\/wp-json\/wp\/v2\/pages\/2\/revisions"}],"predecessor-version":[{"id":1044,"href":"http:\/\/lacdegrandmaison.fr\/cms\/wp-json\/wp\/v2\/pages\/2\/revisions\/1044"}],"wp:featuredmedia":[{"embeddable":true,"href":"http:\/\/lacdegrandmaison.fr\/cms\/wp-json\/wp\/v2\/media\/115"}],"wp:attachment":[{"href":"http:\/\/lacdegrandmaison.fr\/cms\/wp-json\/wp\/v2\/media?parent=2"}],"curies":[{"name":"wp","href":"https:\/\/api.w.org\/{rel}","templated":true}]}}