{"id":381,"date":"2018-06-03T17:36:34","date_gmt":"2018-06-03T15:36:34","guid":{"rendered":"http:\/\/lacdegrandmaison.fr\/cms\/?page_id=381"},"modified":"2022-09-28T19:01:31","modified_gmt":"2022-09-28T17:01:31","slug":"logement-110","status":"publish","type":"page","link":"http:\/\/lacdegrandmaison.fr\/cms\/offres-de-location\/logements\/logement-110\/","title":{"rendered":"Duplex  110 Rissiou"},"content":{"rendered":"<link rel=\"stylesheet\" type=\"text\/css\" href=\"\/_design\/style-compl-wp.css\" media=\"all\">\n<div class=\"tabextrait\">\n<style>\n#tabdescript td:nth-child(3) { display:none; }<br \/>\n#tabdescript td:nth-child(4) { display:none; }<br \/>\n#tabdescript td:nth-child(5) { display:none; }<br \/>\n#tabdescript td:nth-child(6) { display:none; }<br \/>\n#tabdescript td:nth-child(7) { display:none; }<br \/>\n#tabdescript td:nth-child(8) { display:none; }<br \/>\n#logement { }<br \/>\n#SHAB { display:none; }<br \/>\n#sous1m80 { display:none; }<br \/>\n#logt-nom { }<br \/>\n#logt-type { }<br \/>\n#nbplaces { }<br \/>\n#nbl-doubles { }<br \/>\n#nbl-simples { }<br \/>\n#opt-BB { color:green; }<br \/>\n#baign { }<br \/>\n#douch { }<br \/>\n#wc { }<br \/>\n#cuis { }<br \/>\n#mLV { }<br \/>\n#mLL { }<br \/>\n#TV { color:red; }<br \/>\n#WiFi { color:green; }<br \/>\n#opt-menage { color:red; }<br \/>\n#opt-lingerie { color:red; }<br \/>\n#opt-animaux { color:red; }<br \/>\n#tabac { color:red; }<br \/>\n#logt-ident { display:none; }<br \/>\n#logt-num { }<br \/>\n#cles { display:none; }<br \/>\n<\/style>\n<table id=\"tabdescript\">\r\n    <thead>\r\n        <tr id=\"logement\">\r\n            <td><\/td>\r\n            <td>\r\n                <a href=\"logement-110\/\">duplex de 61 m\u00b2<\/a>\r\n            <\/td>\r\n            <td>\r\n                <a href=\"logement-204\/\">appartement de 30 m\u00b2 avec baignoire<\/a>\r\n            <\/td>\r\n            <td>\r\n                <a href=\"logement-202\/\">appartement de 30 m\u00b2<\/a>\r\n            <\/td>\r\n            <td>\r\n                <a href=\"logement-106\/\">appartement de 29 m\u00b2 avec baignoire<\/a>\r\n            <\/td>\r\n            <td>\r\n                <a href=\"studio-104\/\">studio de 23 m\u00b2<\/a>\r\n            <\/td>\r\n            <td>\r\n                <a href=\"logement-102\/\">appartement de 32 m\u00b2<\/a>\r\n            <\/td>\r\n            <td>\r\n                <a href=\"chambre-203\/\">chambre de 12 m\u00b2 <span\r\n                        style=\"font-size:smaller; font-weight:100;\" class=\"option\">en\r\n                        option<\/span><\/a>\r\n            <\/td>\r\n        <\/tr>\r\n    <\/thead>\r\n    <tbody>\r\n        <tr id=\"SHAB\">\r\n            <td>SHAB (m\u00b2)<\/td>\r\n            <td>61,48<\/td>\r\n            <td>30,4<\/td>\r\n            <td>29,95<\/td>\r\n            <td>29,4<\/td>\r\n            <td>22,95<\/td>\r\n            <td>32,05<\/td>\r\n            <td>12,32<\/td>\r\n        <\/tr>\r\n        <tr id=\"sous1m80\">\r\n            <td>+ xxx m\u00b2 ht.&lt;1,80m<\/td>\r\n            <td>(+ 9,21 m\u00b2 ht.&lt;1,80m)<\/td>\r\n            <td>(+ 8,08 m\u00b2 ht.&lt;1,80m)<\/td>\r\n            <td>(+3,97 m\u00b2 ht.&lt;1,80m)<\/td>\r\n            <td><\/td>\r\n            <td><\/td>\r\n            <td><\/td>\r\n            <td><\/td>\r\n        <\/tr>\r\n        <tr id=\"logt-nom\">\r\n            <td>nom<\/td>\r\n            <td>Rissiou<\/td>\r\n            <td>Grandes Rousses<\/td>\r\n            <td>Belledonne<\/td>\r\n            <td>Flumet<\/td>\r\n            <td>Romanche<\/td>\r\n            <td>Olle<\/td>\r\n            <td>Taillefer<\/td>\r\n        <\/tr>\r\n        <tr id=\"logt-type\">\r\n            <td>type<\/td>\r\n            <td>duplex<\/td>\r\n            <td>appartement<\/td>\r\n            <td>appartement<\/td>\r\n            <td>appartement<\/td>\r\n            <td>studio<\/td>\r\n            <td>appartement<\/td>\r\n            <td>chambre<\/td>\r\n        <\/tr>\r\n        <tr id=\"nbplaces\">\r\n            <td>nb places<\/td>\r\n            <td>6 pl. max <i>( = 4 + 2 possibles en plus dans le salon)<\/i>\r\n            <\/td>\r\n            <td>6 pl. max <i>( = 4 + 2 possibles en plus dans le coin salon)<\/i>\r\n            <\/td>\r\n            <td>5 pl. max <i>( = 3 + 2 possibles en plus dans le coin salon)<\/i>\r\n            <\/td>\r\n            <td>4 pl. max <i>( = 2 + 2 possibles en plus dans le coin salon)<\/i>\r\n            <\/td>\r\n            <td>2 pl. (lits jumelables)<\/td>\r\n            <td>4 pl. max <i>( = 2 + 2 possibles en plus dans le coin salon)<\/i>\r\n            <\/td>\r\n            <td>3 pl.<\/td>\r\n        <\/tr>\r\n        <tr id=\"label\">\r\n            <td>label<\/td>\r\n            <td>* * *<\/td>\r\n            <td>* *<\/td>\r\n            <td>* *<\/td>\r\n            <td>* * *<\/td>\r\n            <td>* * *<\/td>\r\n            <td>* * *<\/td>\r\n            <td>non labellis\u00e9<\/td>\r\n        <\/tr>\r\n        <tr id=\"nbl-doubles\">\r\n            <td>nb lits doubles<\/td>\r\n            <td>1 <br \/>+ 1 convertible dans le salon <\/td>\r\n            <td>1 <br \/>+ 1 en jumellant les 2 lits-banquette du salon <\/td>\r\n            <td>1<\/td>\r\n            <td>1 <br \/>+ 1 BZ dans le salon <\/td>\r\n            <td>1 en jumellant les 2 lits 1 place<\/td>\r\n            <td>1 <br \/>+ 1 canap\u00e9 convertible <\/td>\r\n            <td>1<\/td>\r\n        <\/tr>\r\n        <tr id=\"nbl-simples\">\r\n            <td>nb lits simples<\/td>\r\n            <td>2<\/td>\r\n            <td>4 ( = 2 x 2 lits superpos\u00e9s)<\/td>\r\n            <td>2 +1 (= 1 dans la chambre des parents et 1 lits-banquette du salon plus si\r\n                besoin 1 autre lit-banquette)<\/td>\r\n            <td>0<\/td>\r\n            <td>2<\/td>\r\n            <td>0<\/td>\r\n            <td>1<\/td>\r\n        <\/tr>\r\n        <tr id=\"opt-BB\">\r\n            <td>option BB possible<\/td>\r\n            <td>oui<\/td>\r\n            <td>d\u00e9conseill\u00e9e<\/td>\r\n            <td>d\u00e9conseill\u00e9e<\/td>\r\n            <td>oui<\/td>\r\n            <td>possible<\/td>\r\n            <td>oui (mais \"serr\u00e9\")<\/td>\r\n            <td>non<\/td>\r\n        <\/tr>\r\n        <tr id=\"baign\">\r\n            <td>baignoire<\/td>\r\n            <td>1<\/td>\r\n            <td>1<\/td>\r\n            <td><\/td>\r\n            <td>1<\/td>\r\n            <td><\/td>\r\n            <td><\/td>\r\n            <td><\/td>\r\n        <\/tr>\r\n        <tr id=\"douch\">\r\n            <td>douche<\/td>\r\n            <td><\/td>\r\n            <td><\/td>\r\n            <td>2<\/td>\r\n            <td><\/td>\r\n            <td>1<\/td>\r\n            <td>1<\/td>\r\n            <td>1<\/td>\r\n        <\/tr>\r\n        <tr id=\"wc\">\r\n            <td>WC<\/td>\r\n            <td>1<\/td>\r\n            <td>1<\/td>\r\n            <td>1<\/td>\r\n            <td>1<\/td>\r\n            <td>1<\/td>\r\n            <td>1<\/td>\r\n            <td>sur le palier<\/td>\r\n        <\/tr>\r\n        <tr id=\"cuis\">\r\n            <td>cuisine<\/td>\r\n            <td>oui<\/td>\r\n            <td>oui<\/td>\r\n            <td>oui<\/td>\r\n            <td>oui<\/td>\r\n            <td>oui<\/td>\r\n            <td>oui<\/td>\r\n            <td>non<\/td>\r\n        <\/tr>\r\n        <tr id=\"mLV\">\r\n            <td>lave-vaisselle<\/td>\r\n            <td>oui<\/td>\r\n            <td>oui<\/td>\r\n            <td>oui<\/td>\r\n            <td>oui<\/td>\r\n            <td>non<\/td>\r\n            <td>oui<\/td>\r\n            <td>non<\/td>\r\n        <\/tr>\r\n        <tr id=\"mLL\">\r\n            <td>lave-linge<\/td>\r\n            <td>non<\/td>\r\n            <td>non<\/td>\r\n            <td>non<\/td>\r\n            <td>non<\/td>\r\n            <td>non<\/td>\r\n            <td>non<\/td>\r\n            <td>non<\/td>\r\n        <\/tr>\r\n        <tr id=\"opt-TV\">\r\n            <td>TV<\/td>\r\n            <td>oui<\/td>\r\n            <td>non<\/td>\r\n            <td>non<\/td>\r\n            <td>oui<\/td>\r\n            <td>oui<\/td>\r\n            <td>non<\/td>\r\n            <td>non<\/td>\r\n        <\/tr>\r\n        <tr id=\"WiFi\">\r\n            <td>Wi-Fi<\/td>\r\n            <td>gratuit<\/td>\r\n            <td>gratuit<\/td>\r\n            <td>gratuit<\/td>\r\n            <td>gratuit<\/td>\r\n            <td>gratuit<\/td>\r\n            <td>gratuit<\/td>\r\n            <td>gratuit<\/td>\r\n        <\/tr>\r\n        <tr id=\"opt-menage\">\r\n            <td>m\u00e9nage complet<\/td>\r\n            <td>120 \u20ac (inclus ou pas selon la dur\u00e9e)<\/td>\r\n            <td>96 \u20ac (inclus ou pas selon la dur\u00e9e)<\/td>\r\n            <td>96 \u20ac (inclus ou pas selon la dur\u00e9e)<\/td>\r\n            <td>96 \u20ac (inclus ou pas selon la dur\u00e9e)<\/td>\r\n            <td>72 \u20ac (inclus ou pas selon la dur\u00e9e)<\/td>\r\n            <td>96 \u20ac (inclus ou pas selon la dur\u00e9e)<\/td>\r\n            <td>48 \u20ac (inclus ou pas selon la dur\u00e9e)<\/td>\r\n        <\/tr>\r\n        <tr id=\"opt-lingerie\">\r\n            <td>lingerie<\/td>\r\n            <td>fournie sur demande selon le tarif<\/td>\r\n            <td>fournie sur demande selon le tarif<\/td>\r\n            <td>fournie sur demande selon le tarif<\/td>\r\n            <td>fournie sur demande selon le tarif<\/td>\r\n            <td>fournie sur demande selon le tarif<\/td>\r\n            <td>fournie sur demande selon le tarif<\/td>\r\n            <td>fournie sur demande selon le tarif<\/td>\r\n        <\/tr>\r\n        <tr id=\"opt-animaux\">\r\n            <td>animaux<\/td>\r\n            <td>non admis<\/td>\r\n            <td>non admis<\/td>\r\n            <td>non admis<\/td>\r\n            <td>non admis<\/td>\r\n            <td>non admis<\/td>\r\n            <td>non admis<\/td>\r\n            <td>non admis<\/td>\r\n        <\/tr>\r\n        <tr id=\"tabac\">\r\n            <td>tabac<\/td>\r\n            <td>non fumeur<\/td>\r\n            <td>non fumeur<\/td>\r\n            <td>non fumeur<\/td>\r\n            <td>non fumeur<\/td>\r\n            <td>non fumeur<\/td>\r\n            <td>non fumeur<\/td>\r\n            <td>non fumeur<\/td>\r\n        <\/tr>\r\n        <tr id=\"logt-ident\">\r\n            <td>ident<\/td>\r\n            <td>duplex<\/td>\r\n            <td>lgt 5<\/td>\r\n            <td>lgt 4<\/td>\r\n            <td>lgt 2<\/td>\r\n            <td>studio 104<\/td>\r\n            <td>lgt 1 - val&amp;xan<\/td>\r\n            <td>ch 203<\/td>\r\n        <\/tr>\r\n        <tr id=\"logt-num\">\r\n            <td>num\u00e9ro<\/td>\r\n            <td>110<\/td>\r\n            <td>204<\/td>\r\n            <td>202<\/td>\r\n            <td>106<\/td>\r\n            <td>104<\/td>\r\n            <td>102<\/td>\r\n            <td>203<\/td>\r\n        <\/tr>\r\n        <tr id=\"cles\">\r\n            <td>cl\u00e9s<\/td>\r\n            <td>Chouette<\/td>\r\n            <td>V\u00e9lo - Sport<\/td>\r\n            <td>Gipsy - Vacances N7<\/td>\r\n            <td>C\u0153ur<\/td>\r\n            <td>Fleur - Marmotte<\/td>\r\n            <td>Maison<\/td>\r\n            <td>Chat<\/td>\r\n        <\/tr>\r\n        <tr id=\"photos\">\r\n            <td>dossiers Google-Photo<\/td>\r\n            <td>\r\n                <a href=\"https:\/\/photos.app.goo.gl\/qdgJFT5nN9s5ZdzK6\">Duplex Rissiou<\/a>\r\n            <\/td>\r\n            <td>\r\n                <a href=\"https:\/\/photos.app.goo.gl\/TaFRia6my2iw3Cyt5\">T2 Belledonne<\/a>\r\n            <\/td>\r\n            <td>\r\n                <a href=\"https:\/\/photos.app.goo.gl\/jG1odHZTVkeqiCgi9\">T2 Grandes Rousses<\/a>\r\n            <\/td>\r\n            <td>\r\n                <a href=\"https:\/\/photos.app.goo.gl\/bYGgR2UZ5P4qXVvN7\">T2 Flumet<\/a>\r\n            <\/td>\r\n            <td>\r\n                <a href=\"https:\/\/photos.app.goo.gl\/fttR15WsaHENAAnx7\">Studio 104<\/a>\r\n            <\/td>\r\n            <td>\r\n                <a href=\"https:\/\/photos.app.goo.gl\/YBsdHFJRBxrt6a4o8\">T2 Eau d\u2019Olle<\/a>\r\n            <\/td>\r\n            <td>\r\n                <a href=\"https:\/\/photos.app.goo.gl\/QezvByFHt1oEMKty6\">Chambre 203<\/a>\r\n            <\/td>\r\n        <\/tr>\r\n    <\/tbody>\r\n<\/table> \n<\/div>\n<p>Ce spacieux logement-duplex donne l&rsquo;ambiance d&rsquo;une petite maison. Il est situ\u00e9 au premier et deuxi\u00e8me \u00e9tage, mais avec un acc\u00e8s de plein pied par le chemin communal.<br \/>\nIl est compos\u00e9 de 3 pi\u00e8ces principales :<\/p>\n<ul>\n<li>tout le RdC est d&rsquo;un seul tenant mais avec plusieurs espaces dont une cuisine \u00e9quip\u00e9e ouverte, sur un coin salon qui fait chambre avec 1 lit convertible moderne, et un coin repas,<\/li>\n<li>\u00e0 l&rsquo;\u00e9tage, une chambre classique et originale, \u00e9quip\u00e9e d&rsquo;un lit double ,<\/li>\n<li>et une chambre en mansarde pour les enfants avec 2 grands velux donnant vue sur Belledonne<\/li>\n<\/ul>\n<p>Les pi\u00e8ces de l&rsquo;\u00e9tage sont reli\u00e9es par un palier qui donne acc\u00e8s aux sanitaires.<\/p>\n<p>L&rsquo;acc\u00e8s direct au chemin communal permet de manger dehors quand on a envie.<\/p>\n<figure id=\"attachment_75\" aria-describedby=\"caption-attachment-75\" style=\"width: 300px\" class=\"wp-caption alignleft\"><img decoding=\"async\" loading=\"lazy\" class=\"size-medium wp-image-75\" src=\"http:\/\/lacdegrandmaison.fr\/cms\/wp-content\/uploads\/2018\/06\/Photo-23-03-2018-16-59-06-e1527861942735-300x225.jpg\" alt=\"\" width=\"300\" height=\"225\" srcset=\"http:\/\/lacdegrandmaison.fr\/cms\/wp-content\/uploads\/2018\/06\/Photo-23-03-2018-16-59-06-e1527861942735-300x225.jpg 300w, http:\/\/lacdegrandmaison.fr\/cms\/wp-content\/uploads\/2018\/06\/Photo-23-03-2018-16-59-06-e1527861942735-768x576.jpg 768w, http:\/\/lacdegrandmaison.fr\/cms\/wp-content\/uploads\/2018\/06\/Photo-23-03-2018-16-59-06-e1527861942735-1024x768.jpg 1024w\" sizes=\"(max-width: 300px) 100vw, 300px\" \/><figcaption id=\"caption-attachment-75\" class=\"wp-caption-text\">La salle principale, \u00e0 la fois salon, chambre et salle \u00e0 manger<\/figcaption><\/figure>\n<figure id=\"attachment_684\" aria-describedby=\"caption-attachment-684\" style=\"width: 300px\" class=\"wp-caption alignleft\"><a href=\"http:\/\/lacdegrandmaison.fr\/cms\/wp-content\/uploads\/2018\/08\/IMG_0939.jpg\"><img decoding=\"async\" loading=\"lazy\" src=\"http:\/\/lacdegrandmaison.fr\/cms\/wp-content\/uploads\/2018\/08\/IMG_0939-300x225.jpg\" alt=\"\" width=\"300\" height=\"225\" class=\"size-medium wp-image-684\" srcset=\"http:\/\/lacdegrandmaison.fr\/cms\/wp-content\/uploads\/2018\/08\/IMG_0939-300x225.jpg 300w, http:\/\/lacdegrandmaison.fr\/cms\/wp-content\/uploads\/2018\/08\/IMG_0939-768x576.jpg 768w, http:\/\/lacdegrandmaison.fr\/cms\/wp-content\/uploads\/2018\/08\/IMG_0939-1024x768.jpg 1024w\" sizes=\"(max-width: 300px) 100vw, 300px\" \/><\/a><figcaption id=\"caption-attachment-684\" class=\"wp-caption-text\">La chambre des parents<\/figcaption><\/figure>\n<figure id=\"attachment_74\" aria-describedby=\"caption-attachment-74\" style=\"width: 225px\" class=\"wp-caption alignleft\"><img decoding=\"async\" loading=\"lazy\" class=\"size-medium wp-image-74\" src=\"http:\/\/lacdegrandmaison.fr\/cms\/wp-content\/uploads\/2018\/06\/Photo-23-03-2018-16-58-49-e1527861925422-225x300.jpg\" alt=\"\" width=\"225\" height=\"300\" srcset=\"http:\/\/lacdegrandmaison.fr\/cms\/wp-content\/uploads\/2018\/06\/Photo-23-03-2018-16-58-49-e1527861925422-225x300.jpg 225w, http:\/\/lacdegrandmaison.fr\/cms\/wp-content\/uploads\/2018\/06\/Photo-23-03-2018-16-58-49-e1527861925422-768x1024.jpg 768w\" sizes=\"(max-width: 225px) 100vw, 225px\" \/><figcaption id=\"caption-attachment-74\" class=\"wp-caption-text\">La cuisine<\/figcaption><\/figure>\n<figure id=\"attachment_70\" aria-describedby=\"caption-attachment-70\" style=\"width: 225px\" class=\"wp-caption alignleft\"><img decoding=\"async\" loading=\"lazy\" class=\"size-medium wp-image-70\" src=\"http:\/\/lacdegrandmaison.fr\/cms\/wp-content\/uploads\/2018\/06\/Photo-17-03-2018-09-01-30-e1527861963259-225x300.jpg\" alt=\"\" width=\"225\" height=\"300\" srcset=\"http:\/\/lacdegrandmaison.fr\/cms\/wp-content\/uploads\/2018\/06\/Photo-17-03-2018-09-01-30-e1527861963259-225x300.jpg 225w, http:\/\/lacdegrandmaison.fr\/cms\/wp-content\/uploads\/2018\/06\/Photo-17-03-2018-09-01-30-e1527861963259-768x1024.jpg 768w\" sizes=\"(max-width: 225px) 100vw, 225px\" \/><figcaption id=\"caption-attachment-70\" class=\"wp-caption-text\">L&rsquo;acc\u00e8s \u00e0 l&rsquo;\u00e9tage<\/figcaption><\/figure>\n<figure id=\"attachment_682\" aria-describedby=\"caption-attachment-682\" style=\"width: 225px\" class=\"wp-caption alignleft\"><img decoding=\"async\" loading=\"lazy\" src=\"http:\/\/lacdegrandmaison.fr\/cms\/wp-content\/uploads\/2018\/08\/IMG_0934-225x300.jpg\" alt=\"\" width=\"225\" height=\"300\" class=\"size-medium wp-image-682\" srcset=\"http:\/\/lacdegrandmaison.fr\/cms\/wp-content\/uploads\/2018\/08\/IMG_0934-225x300.jpg 225w, http:\/\/lacdegrandmaison.fr\/cms\/wp-content\/uploads\/2018\/08\/IMG_0934-768x1024.jpg 768w\" sizes=\"(max-width: 225px) 100vw, 225px\" \/><figcaption id=\"caption-attachment-682\" class=\"wp-caption-text\">La chambre des enfants<\/figcaption><\/figure>\n<figure id=\"attachment_76\" aria-describedby=\"caption-attachment-76\" style=\"width: 300px\" class=\"wp-caption alignleft\"><img decoding=\"async\" loading=\"lazy\" class=\"size-medium wp-image-76\" src=\"http:\/\/lacdegrandmaison.fr\/cms\/wp-content\/uploads\/2018\/06\/Photo-23-03-2018-17-09-59-e1527861771100-300x225.jpg\" alt=\"\" width=\"300\" height=\"225\" srcset=\"http:\/\/lacdegrandmaison.fr\/cms\/wp-content\/uploads\/2018\/06\/Photo-23-03-2018-17-09-59-e1527861771100-300x225.jpg 300w, http:\/\/lacdegrandmaison.fr\/cms\/wp-content\/uploads\/2018\/06\/Photo-23-03-2018-17-09-59-e1527861771100-768x576.jpg 768w, http:\/\/lacdegrandmaison.fr\/cms\/wp-content\/uploads\/2018\/06\/Photo-23-03-2018-17-09-59-e1527861771100-1024x768.jpg 1024w\" sizes=\"(max-width: 300px) 100vw, 300px\" \/><figcaption id=\"caption-attachment-76\" class=\"wp-caption-text\">Autre vue de la chambre des enfants<\/figcaption><\/figure>\n<figure id=\"attachment_69\" aria-describedby=\"caption-attachment-69\" style=\"width: 300px\" class=\"wp-caption alignleft\"><img decoding=\"async\" loading=\"lazy\" class=\"size-medium wp-image-69\" src=\"http:\/\/lacdegrandmaison.fr\/cms\/wp-content\/uploads\/2018\/06\/Photo-17-03-2018-08-10-47-300x225.jpg\" alt=\"\" width=\"300\" height=\"225\" srcset=\"http:\/\/lacdegrandmaison.fr\/cms\/wp-content\/uploads\/2018\/06\/Photo-17-03-2018-08-10-47-300x225.jpg 300w, http:\/\/lacdegrandmaison.fr\/cms\/wp-content\/uploads\/2018\/06\/Photo-17-03-2018-08-10-47-768x576.jpg 768w, http:\/\/lacdegrandmaison.fr\/cms\/wp-content\/uploads\/2018\/06\/Photo-17-03-2018-08-10-47-1024x768.jpg 1024w\" sizes=\"(max-width: 300px) 100vw, 300px\" \/><figcaption id=\"caption-attachment-69\" class=\"wp-caption-text\">La vue sur Belledonne au travers du hublot<\/figcaption><\/figure>\n","protected":false},"excerpt":{"rendered":"<p>Ce spacieux logement-duplex donne l&rsquo;ambiance d&rsquo;une petite maison. Il est situ\u00e9 au premier et deuxi\u00e8me \u00e9tage, mais avec un acc\u00e8s de plein pied par le chemin communal. Il est compos\u00e9 de 3 pi\u00e8ces principales : tout le RdC est d&rsquo;un seul tenant mais avec plusieurs espaces dont une cuisine \u00e9quip\u00e9e ouverte, sur un coin salon &hellip; <\/p>\n<p class=\"link-more\"><a href=\"http:\/\/lacdegrandmaison.fr\/cms\/offres-de-location\/logements\/logement-110\/\" class=\"more-link\">Continuer la lecture<span class=\"screen-reader-text\"> de &laquo;&nbsp;Duplex  110 Rissiou&nbsp;&raquo;<\/span><\/a><\/p>\n","protected":false},"author":1,"featured_media":115,"parent":216,"menu_order":1,"comment_status":"closed","ping_status":"closed","template":"","meta":[],"_links":{"self":[{"href":"http:\/\/lacdegrandmaison.fr\/cms\/wp-json\/wp\/v2\/pages\/381"}],"collection":[{"href":"http:\/\/lacdegrandmaison.fr\/cms\/wp-json\/wp\/v2\/pages"}],"about":[{"href":"http:\/\/lacdegrandmaison.fr\/cms\/wp-json\/wp\/v2\/types\/page"}],"author":[{"embeddable":true,"href":"http:\/\/lacdegrandmaison.fr\/cms\/wp-json\/wp\/v2\/users\/1"}],"replies":[{"embeddable":true,"href":"http:\/\/lacdegrandmaison.fr\/cms\/wp-json\/wp\/v2\/comments?post=381"}],"version-history":[{"count":27,"href":"http:\/\/lacdegrandmaison.fr\/cms\/wp-json\/wp\/v2\/pages\/381\/revisions"}],"predecessor-version":[{"id":1199,"href":"http:\/\/lacdegrandmaison.fr\/cms\/wp-json\/wp\/v2\/pages\/381\/revisions\/1199"}],"up":[{"embeddable":true,"href":"http:\/\/lacdegrandmaison.fr\/cms\/wp-json\/wp\/v2\/pages\/216"}],"wp:featuredmedia":[{"embeddable":true,"href":"http:\/\/lacdegrandmaison.fr\/cms\/wp-json\/wp\/v2\/media\/115"}],"wp:attachment":[{"href":"http:\/\/lacdegrandmaison.fr\/cms\/wp-json\/wp\/v2\/media?parent=381"}],"curies":[{"name":"wp","href":"https:\/\/api.w.org\/{rel}","templated":true}]}}