{"id":493,"date":"2018-06-05T19:35:43","date_gmt":"2018-06-05T17:35:43","guid":{"rendered":"http:\/\/lacdegrandmaison.fr\/cms\/?page_id=493"},"modified":"2025-02-14T17:52:33","modified_gmt":"2025-02-14T16:52:33","slug":"informations-pratiques","status":"publish","type":"page","link":"http:\/\/lacdegrandmaison.fr\/cms\/informations-pratiques\/","title":{"rendered":"Informations pratiques"},"content":{"rendered":"<p>Voici quelques pages pour les informations pratiques.<\/p>\n<ul>\n<li><a href=\"transports\">pour venir et repartir de Pourch\u00e9ry<\/a>,<\/li>\n<li>les <a href=\"activites\">activit\u00e9s<\/a>,<\/li>\n<li>les <a href=\"courses-et-restauration\/\">courses et la restauration<\/a>,<\/li>\n<\/ul>\n<p>Chaque appartement est pourvu d&rsquo;un classeur contenant des documents utiles comme<\/p>\n<ul>\n<li>les liens vers nos outils de communication num\u00e9rique,<\/li>\n<li>quelques informations sur les appareils d&rsquo;\u00e9lectrom\u00e9nager \u00e9quipant les appartements,<\/li>\n<li>des liens vers des sites pour organiser son voyage, dont sur les transports en commun<\/li>\n<li>le r\u00e8glement int\u00e9rieur,\u00a0<\/li>\n<li>etc.<\/li>\n<\/ul>\n<p>Des versions num\u00e9riques de plusieurs de ce documents sont accessibles en ligne sur <br \/>\u00a0 \u00a0 \u00a0 <a href=\"http:\/\/lacdegrandmaison.fr\/dossierClient\/\">http:\/\/lacdegrandmaison.fr\/dossierClient\/<\/a><\/p>\n\n\n<p><\/p>\n","protected":false},"excerpt":{"rendered":"<p>Voici quelques pages pour les informations pratiques. pour venir et repartir de Pourch\u00e9ry, les activit\u00e9s, les courses et la restauration, Chaque appartement est pourvu d&rsquo;un classeur contenant des documents utiles comme les liens vers nos outils de communication num\u00e9rique, quelques informations sur les appareils d&rsquo;\u00e9lectrom\u00e9nager \u00e9quipant les appartements, des liens vers des sites pour organiser &hellip; <\/p>\n<p class=\"link-more\"><a href=\"http:\/\/lacdegrandmaison.fr\/cms\/informations-pratiques\/\" class=\"more-link\">Continuer la lecture<span class=\"screen-reader-text\"> de &laquo;&nbsp;Informations pratiques&nbsp;&raquo;<\/span><\/a><\/p>\n","protected":false},"author":1,"featured_media":0,"parent":0,"menu_order":0,"comment_status":"closed","ping_status":"closed","template":"","meta":[],"_links":{"self":[{"href":"http:\/\/lacdegrandmaison.fr\/cms\/wp-json\/wp\/v2\/pages\/493"}],"collection":[{"href":"http:\/\/lacdegrandmaison.fr\/cms\/wp-json\/wp\/v2\/pages"}],"about":[{"href":"http:\/\/lacdegrandmaison.fr\/cms\/wp-json\/wp\/v2\/types\/page"}],"author":[{"embeddable":true,"href":"http:\/\/lacdegrandmaison.fr\/cms\/wp-json\/wp\/v2\/users\/1"}],"replies":[{"embeddable":true,"href":"http:\/\/lacdegrandmaison.fr\/cms\/wp-json\/wp\/v2\/comments?post=493"}],"version-history":[{"count":9,"href":"http:\/\/lacdegrandmaison.fr\/cms\/wp-json\/wp\/v2\/pages\/493\/revisions"}],"predecessor-version":[{"id":1374,"href":"http:\/\/lacdegrandmaison.fr\/cms\/wp-json\/wp\/v2\/pages\/493\/revisions\/1374"}],"wp:attachment":[{"href":"http:\/\/lacdegrandmaison.fr\/cms\/wp-json\/wp\/v2\/media?parent=493"}],"curies":[{"name":"wp","href":"https:\/\/api.w.org\/{rel}","templated":true}]}}