{"id":498,"date":"2018-06-05T19:38:55","date_gmt":"2018-06-05T17:38:55","guid":{"rendered":"http:\/\/lacdegrandmaison.fr\/cms\/?page_id=498"},"modified":"2024-12-27T18:08:58","modified_gmt":"2024-12-27T17:08:58","slug":"transports","status":"publish","type":"page","link":"http:\/\/lacdegrandmaison.fr\/cms\/informations-pratiques\/transports\/","title":{"rendered":"Transports"},"content":{"rendered":"<p>Pour venir, par les transports en commun, il y a des cars TransIs\u00e8re depuis la gare de Grenoble. Certains vont jusqu&rsquo;\u00e0 Vaujany, mais d&rsquo;autres vont \u00e0 Bourg d&rsquo;Oisans et il faut descendre \u00e0 l&rsquo;arr\u00eat Roche Taill\u00e9e pour changer de car.<br \/>\nIl faut r\u00e9server pour la fin du trajet (le transporteur adapte la taille de son v\u00e9hicule en fonction du nombre de voyageurs) : <a href=\"https:\/\/www.transaltitude.fr\/fr\/station\/vaujany\/\">https:\/\/www.transaltitude.fr\/fr\/station\/vaujany\/<\/a><\/p>\n<h2>Navettes<\/h2>\n<p>Des navettes gratuites relient les hameaux de Vaujany et la station pendant la saison de ski.<\/p>\n<p>L&rsquo;arr\u00eat de Pourch\u00e9ry est au pied de l&rsquo;auberge.<\/p>\n<p>Une page du site Web de la maire (quand elle est \u00e0 jour) <a href=\"https:\/\/www.mairie-de-vaujany.fr\/navettes.html\">https:\/\/www.mairie-de-vaujany.fr\/navettes.html<\/a> regroupe les informations sur les navettes gratuites :<\/p>\n<p>&nbsp;\u2022 <a href=\"https:\/\/www.vaujany.com\/wp-content\/uploads\/horaires-navettes-vaujany-24-25.pdf\">fiche horaires des navettes de vaujany pour la saison d&rsquo;hiver 2024-25<\/a><\/p>\n<p>\u2022 navette qui permet d&rsquo;aller et revenir du march\u00e9 de Bourg d&rsquo;Oisans le samedi matin<\/p>\n<p>\u2022 navette qui relie les communes de l&rsquo;Oisans, selon les horaires fournies par la communaut\u00e9 de communes de l&rsquo;Oisans <a href=\"https:\/\/www.ccoisans.fr\/2024\/12\/23\/navette-oisans-hiver-2024-2025\/\">https:\/\/www.ccoisans.fr\/2024\/12\/23\/navette-oisans-hiver-2024-2025\/<\/a><\/p>\n<h2>Taxi de Vaujany<\/h2>\n<p><a href=\"Alp Assistance Taxi\">Alp Assistance Taxi<\/a> (avant appel\u00e9s Taxi-Vaujany) est disponible 24h\/24 et 7j\/7 : 06 74 53 13 56<\/p>\n<h2>Location de voiture<\/h2>\n<p>Si vous venez en avion et que vous cherchez plus de libert\u00e9 et d&rsquo;autonomie, vous pouvez louer une voiture depuis l&rsquo;a\u00e9roport. Il faut r\u00e9server sa voiture en avance pour \u00eatre s\u00fbre d&rsquo;en avoir une \u00e0 disposition.<\/p>\n<p>L&rsquo;a\u00e9roport de Lyon fournit un formulaire cr\u00e9\u00e9 par son partenaire partenaire DiscoverCars pour comparer un large choix de loueur de v\u00e9hicules au lieu choisi : <a href=\"https:\/\/store.lyonaeroports.com\/location-voiture\">https:\/\/store.lyonaeroports.com\/location-voiture<\/a><\/p>\n","protected":false},"excerpt":{"rendered":"<p>Pour venir, par les transports en commun, il y a des cars TransIs\u00e8re depuis la gare de Grenoble. Certains vont jusqu&rsquo;\u00e0 Vaujany, mais d&rsquo;autres vont \u00e0 Bourg d&rsquo;Oisans et il faut descendre \u00e0 l&rsquo;arr\u00eat Roche Taill\u00e9e pour changer de car. Il faut r\u00e9server pour la fin du trajet (le transporteur adapte la taille de son &hellip; <\/p>\n<p class=\"link-more\"><a href=\"http:\/\/lacdegrandmaison.fr\/cms\/informations-pratiques\/transports\/\" class=\"more-link\">Continuer la lecture<span class=\"screen-reader-text\"> de &laquo;&nbsp;Transports&nbsp;&raquo;<\/span><\/a><\/p>\n","protected":false},"author":1,"featured_media":0,"parent":493,"menu_order":0,"comment_status":"closed","ping_status":"closed","template":"","meta":[],"_links":{"self":[{"href":"http:\/\/lacdegrandmaison.fr\/cms\/wp-json\/wp\/v2\/pages\/498"}],"collection":[{"href":"http:\/\/lacdegrandmaison.fr\/cms\/wp-json\/wp\/v2\/pages"}],"about":[{"href":"http:\/\/lacdegrandmaison.fr\/cms\/wp-json\/wp\/v2\/types\/page"}],"author":[{"embeddable":true,"href":"http:\/\/lacdegrandmaison.fr\/cms\/wp-json\/wp\/v2\/users\/1"}],"replies":[{"embeddable":true,"href":"http:\/\/lacdegrandmaison.fr\/cms\/wp-json\/wp\/v2\/comments?post=498"}],"version-history":[{"count":14,"href":"http:\/\/lacdegrandmaison.fr\/cms\/wp-json\/wp\/v2\/pages\/498\/revisions"}],"predecessor-version":[{"id":1366,"href":"http:\/\/lacdegrandmaison.fr\/cms\/wp-json\/wp\/v2\/pages\/498\/revisions\/1366"}],"up":[{"embeddable":true,"href":"http:\/\/lacdegrandmaison.fr\/cms\/wp-json\/wp\/v2\/pages\/493"}],"wp:attachment":[{"href":"http:\/\/lacdegrandmaison.fr\/cms\/wp-json\/wp\/v2\/media?parent=498"}],"curies":[{"name":"wp","href":"https:\/\/api.w.org\/{rel}","templated":true}]}}