{"id":503,"date":"2018-06-05T19:45:56","date_gmt":"2018-06-05T17:45:56","guid":{"rendered":"http:\/\/lacdegrandmaison.fr\/cms\/?page_id=503"},"modified":"2018-08-04T09:03:34","modified_gmt":"2018-08-04T07:03:34","slug":"activites","status":"publish","type":"page","link":"http:\/\/lacdegrandmaison.fr\/cms\/activites-alentours\/activites\/","title":{"rendered":"Activit\u00e9s"},"content":{"rendered":"<p>Concernant les activit\u00e9s, <\/p>\n<ul>\n<li>Le t\u00e9l\u00e9cabine de Vaujany fonctionne pendant l&rsquo;\u00e9t\u00e9 (g\u00e9n\u00e9ralement du premier WE de juillet au dernier d&rsquo;ao\u00fbt) et toute la saison d&rsquo;hiver.<\/li>\n<li>La piscine de Vaujany est ouverte toute l&rsquo;ann\u00e9e sauf 2 semaines entre avril et mai, et 2 semaines en novembre.\n<\/ul>\n<p>Consulter le site Web et l&rsquo;office du tourisme de Vaujany pour conna\u00eetre les dates exactes. Idem pour la patinoire te le bowling.<\/p>\n<p>L&rsquo;\u00e9t\u00e9, quand il fait tr\u00e8s chaud, la proximit\u00e9 du lac am\u00e8ne une l\u00e9g\u00e8re brise. Une boucle d\u2019environ 3h \u00e0 pied, permet d\u2019en faire le tour, en partant de l\u2019auberge, et un centre nautique fonctionne sur le lac du Verney.<\/p>\n","protected":false},"excerpt":{"rendered":"<p>Concernant les activit\u00e9s, Le t\u00e9l\u00e9cabine de Vaujany fonctionne pendant l&rsquo;\u00e9t\u00e9 (g\u00e9n\u00e9ralement du premier WE de juillet au dernier d&rsquo;ao\u00fbt) et toute la saison d&rsquo;hiver. La piscine de Vaujany est ouverte toute l&rsquo;ann\u00e9e sauf 2 semaines entre avril et mai, et 2 semaines en novembre. Consulter le site Web et l&rsquo;office du tourisme de Vaujany pour &hellip; <\/p>\n<p class=\"link-more\"><a href=\"http:\/\/lacdegrandmaison.fr\/cms\/activites-alentours\/activites\/\" class=\"more-link\">Continuer la lecture<span class=\"screen-reader-text\"> de &laquo;&nbsp;Activit\u00e9s&nbsp;&raquo;<\/span><\/a><\/p>\n","protected":false},"author":1,"featured_media":0,"parent":11,"menu_order":0,"comment_status":"closed","ping_status":"closed","template":"","meta":[],"_links":{"self":[{"href":"http:\/\/lacdegrandmaison.fr\/cms\/wp-json\/wp\/v2\/pages\/503"}],"collection":[{"href":"http:\/\/lacdegrandmaison.fr\/cms\/wp-json\/wp\/v2\/pages"}],"about":[{"href":"http:\/\/lacdegrandmaison.fr\/cms\/wp-json\/wp\/v2\/types\/page"}],"author":[{"embeddable":true,"href":"http:\/\/lacdegrandmaison.fr\/cms\/wp-json\/wp\/v2\/users\/1"}],"replies":[{"embeddable":true,"href":"http:\/\/lacdegrandmaison.fr\/cms\/wp-json\/wp\/v2\/comments?post=503"}],"version-history":[{"count":3,"href":"http:\/\/lacdegrandmaison.fr\/cms\/wp-json\/wp\/v2\/pages\/503\/revisions"}],"predecessor-version":[{"id":675,"href":"http:\/\/lacdegrandmaison.fr\/cms\/wp-json\/wp\/v2\/pages\/503\/revisions\/675"}],"up":[{"embeddable":true,"href":"http:\/\/lacdegrandmaison.fr\/cms\/wp-json\/wp\/v2\/pages\/11"}],"wp:attachment":[{"href":"http:\/\/lacdegrandmaison.fr\/cms\/wp-json\/wp\/v2\/media?parent=503"}],"curies":[{"name":"wp","href":"https:\/\/api.w.org\/{rel}","templated":true}]}}