{"id":584,"date":"2018-06-06T19:24:49","date_gmt":"2018-06-06T17:24:49","guid":{"rendered":"http:\/\/lacdegrandmaison.fr\/cms\/?page_id=584"},"modified":"2018-06-06T19:25:35","modified_gmt":"2018-06-06T17:25:35","slug":"tests","status":"publish","type":"page","link":"http:\/\/lacdegrandmaison.fr\/cms\/tests\/","title":{"rendered":"Tests"},"content":{"rendered":"<p>Cette rubrique permet de regrouper la m\u00e9morisation de mes tests&#8230;<br \/>\nPour que mes diff\u00e9rentes pages de tests aient celle-ci comme parent&#8230;<\/p>\n<p>Cette page et ses sous-pages n&rsquo;ont pas vocation \u00e0 \u00eatre \u00ab\u00a0publiques\u00a0\u00bb, m\u00eame si elles sont temporairement publi\u00e9es.<\/p>\n","protected":false},"excerpt":{"rendered":"<p>Cette rubrique permet de regrouper la m\u00e9morisation de mes tests&#8230; Pour que mes diff\u00e9rentes pages de tests aient celle-ci comme parent&#8230; Cette page et ses sous-pages n&rsquo;ont pas vocation \u00e0 \u00eatre \u00ab\u00a0publiques\u00a0\u00bb, m\u00eame si elles sont temporairement publi\u00e9es.<\/p>\n","protected":false},"author":1,"featured_media":0,"parent":0,"menu_order":0,"comment_status":"closed","ping_status":"closed","template":"","meta":[],"_links":{"self":[{"href":"http:\/\/lacdegrandmaison.fr\/cms\/wp-json\/wp\/v2\/pages\/584"}],"collection":[{"href":"http:\/\/lacdegrandmaison.fr\/cms\/wp-json\/wp\/v2\/pages"}],"about":[{"href":"http:\/\/lacdegrandmaison.fr\/cms\/wp-json\/wp\/v2\/types\/page"}],"author":[{"embeddable":true,"href":"http:\/\/lacdegrandmaison.fr\/cms\/wp-json\/wp\/v2\/users\/1"}],"replies":[{"embeddable":true,"href":"http:\/\/lacdegrandmaison.fr\/cms\/wp-json\/wp\/v2\/comments?post=584"}],"version-history":[{"count":2,"href":"http:\/\/lacdegrandmaison.fr\/cms\/wp-json\/wp\/v2\/pages\/584\/revisions"}],"predecessor-version":[{"id":587,"href":"http:\/\/lacdegrandmaison.fr\/cms\/wp-json\/wp\/v2\/pages\/584\/revisions\/587"}],"wp:attachment":[{"href":"http:\/\/lacdegrandmaison.fr\/cms\/wp-json\/wp\/v2\/media?parent=584"}],"curies":[{"name":"wp","href":"https:\/\/api.w.org\/{rel}","templated":true}]}}