{"id":594,"date":"2018-06-14T16:43:16","date_gmt":"2018-06-14T14:43:16","guid":{"rendered":"http:\/\/lacdegrandmaison.fr\/cms\/?page_id=594"},"modified":"2018-06-14T17:05:31","modified_gmt":"2018-06-14T15:05:31","slug":"confidentialite","status":"publish","type":"page","link":"http:\/\/lacdegrandmaison.fr\/cms\/confidentialite\/","title":{"rendered":"Confidentialit\u00e9"},"content":{"rendered":"<p> Ce page d\u00e9crit notre <em>Politique de confidentialit\u00e9<\/em>.<\/p>\n<h1>Protection de donn\u00e9es personnelles<\/h1>\n<p>Le nouveau R\u00e8glement G\u00e9n\u00e9ral sur la Protection de Donn\u00e9es (RGPD) est entr\u00e9 en vigueur le 25 mai 2018. Nous nous attachons \u00e0 la protection de vos donn\u00e9es et vous informons de vos droits sur ces donn\u00e9es et de ce qui en est fait par nos outils.<\/p>\n<h2>Qui sommes-nous ?<\/h2>\n<p>L\u2019adresse de notre site Web est : [insert_php] echo &lsquo;http:\/\/&rsquo;.$_SERVER[&lsquo;HTTP_HOST&rsquo;].dirname($_SERVER[&lsquo;SCRIPT_NAME&rsquo;]).&rsquo;\/&rsquo;; \/*$_SERVER[&lsquo;REQUEST_URI&rsquo;]; phpinfo();*\/ [\/insert_php].<\/p>\n<h2>Pourquoi collectons-nous des donn\u00e9es vous concernant ?<\/h2>\n<p>Nous utilisons WordPress pour g\u00e9n\u00e9rer notre site, mais sans ouvrir la possibilit\u00e9 aux visiteurs d&rsquo;y publier des contenus (commentaires, articles, pages&#8230;).<br \/>\nPour assurer un suivi lors de la navigation dans les pages de ses sites, WordPress utilise des \u00ab\u00a0cookies\u00a0\u00bb. Ce sont des informations que le site fait enregistrer par votre ordinateur pour une dur\u00e9e limit\u00e9e, pour que ce dernier puisse les lui renvoyer \u00e0 chaque demande d&rsquo;une nouvelle page du site. <\/p>\n<p>D&rsquo;autre part, lorsque vous communiquez avec nous pour vous renseigner, nous collectons quelques informations pour nous prot\u00e9ger des Spams, am\u00e9liorer notre \u00ab\u00a0communication\u00a0\u00bb, et pour pouvoir vous r\u00e9pondre.<\/p>\n<h2>Quelles sont les informations conserv\u00e9es et pour combien de temps ?<\/h2>\n<p>Pour les traitements, nous avons besoin des informations suivantes : <\/p>\n<ul>\n<li>Nom,<\/li>\n<li>Pr\u00e9nom,<\/li>\n<li>Adresse Mail<\/li>\n<li>Adresse postale,<\/li>\n<li>Num\u00e9ro de t\u00e9l\u00e9phone,<\/li>\n<li>Historique des discussions,<\/li>\n<li>Historique des locations,<\/li>\n<li>Adresse IP.<\/li>\n<\/ul>\n<p> Nous conservons ces donn\u00e9es jusqu&rsquo;\u00e0 r\u00e9ception d&rsquo;une demande de votre part du contraire.<\/p>\n<h2>A quelles fins collectons-nous ces donn\u00e9es et sont-elles partag\u00e9es ?<\/h2>\n<p> Nous utilisons ces information pour les traitements suivants : <\/p>\n<ul>\n<li>Cr\u00e9ation du compte client,<\/li>\n<li>Suivi des commandes et factures,<\/li>\n<li>Envoi \u00e9ventuel de nouvelles.<\/li>\n<\/ul>\n<p> Nous ne transmettons aucune donn\u00e9es \u00e0 des tiers<\/p>\n<h2>Quels sont vos droits et qui s&rsquo;en occupe ?<\/h2>\n<p>Nous vous proposons un formulaire pour nous envoyer <\/p>\n<ul>\n<li>toute question en lien avec la mani\u00e8re dont nous appliquons le R\u00e8glement G\u00e9n\u00e9ral sur la Protection de Donn\u00e9es (RGDP), <\/li>\n<li>ou demande de modification ou de suppression des informations li\u00e9es \u00e0 votre compte :<\/li>\n<\/ul>\n<p><a href=\"contact-rgdp\/\">contact-rgdp\/<\/a><\/p>\n<p>Merci de votre confiance et \u00e0 tr\u00e8s bient\u00f4t sur notre site et \u00e0 l&rsquo;auberge ! <\/p>\n","protected":false},"excerpt":{"rendered":"<p>Ce page d\u00e9crit notre Politique de confidentialit\u00e9. Protection de donn\u00e9es personnelles Le nouveau R\u00e8glement G\u00e9n\u00e9ral sur la Protection de Donn\u00e9es (RGPD) est entr\u00e9 en vigueur le 25 mai 2018. Nous nous attachons \u00e0 la protection de vos donn\u00e9es et vous informons de vos droits sur ces donn\u00e9es et de ce qui en est fait par &hellip; <\/p>\n<p class=\"link-more\"><a href=\"http:\/\/lacdegrandmaison.fr\/cms\/confidentialite\/\" class=\"more-link\">Continuer la lecture<span class=\"screen-reader-text\"> de &laquo;&nbsp;Confidentialit\u00e9&nbsp;&raquo;<\/span><\/a><\/p>\n","protected":false},"author":1,"featured_media":0,"parent":0,"menu_order":0,"comment_status":"closed","ping_status":"closed","template":"","meta":[],"_links":{"self":[{"href":"http:\/\/lacdegrandmaison.fr\/cms\/wp-json\/wp\/v2\/pages\/594"}],"collection":[{"href":"http:\/\/lacdegrandmaison.fr\/cms\/wp-json\/wp\/v2\/pages"}],"about":[{"href":"http:\/\/lacdegrandmaison.fr\/cms\/wp-json\/wp\/v2\/types\/page"}],"author":[{"embeddable":true,"href":"http:\/\/lacdegrandmaison.fr\/cms\/wp-json\/wp\/v2\/users\/1"}],"replies":[{"embeddable":true,"href":"http:\/\/lacdegrandmaison.fr\/cms\/wp-json\/wp\/v2\/comments?post=594"}],"version-history":[{"count":13,"href":"http:\/\/lacdegrandmaison.fr\/cms\/wp-json\/wp\/v2\/pages\/594\/revisions"}],"predecessor-version":[{"id":611,"href":"http:\/\/lacdegrandmaison.fr\/cms\/wp-json\/wp\/v2\/pages\/594\/revisions\/611"}],"wp:attachment":[{"href":"http:\/\/lacdegrandmaison.fr\/cms\/wp-json\/wp\/v2\/media?parent=594"}],"curies":[{"name":"wp","href":"https:\/\/api.w.org\/{rel}","templated":true}]}}