{"id":718,"date":"2018-08-07T16:24:25","date_gmt":"2018-08-07T14:24:25","guid":{"rendered":"http:\/\/lacdegrandmaison.fr\/cms\/?page_id=718"},"modified":"2025-02-16T18:43:37","modified_gmt":"2025-02-16T17:43:37","slug":"reservations","status":"publish","type":"page","link":"http:\/\/lacdegrandmaison.fr\/cms\/reservations\/","title":{"rendered":"R\u00e9servations"},"content":{"rendered":"<p>Nous ne louons plus que par les plateformes de r\u00e9servation G\u00eetes de France et AirBnB. Voir <a href=\"https:\/\/lacdegrandmaison.fr\/cms\/reservations\/par-airbnb-etc\/\"><b style=\"font-height:20\">\u2937<\/b> reservations\/par-airbnb-etc\/<\/a><\/p>\n<p>Pour toute demande sur plusieurs logements en m\u00eame temps, contactez-nous par le formulaire de contact. Voir <a href=\"https:\/\/lacdegrandmaison.fr\/cms\/reservations\/contact\/\"><b style=\"font-height:20\">\u2937<\/b>reservations\/contact\/<\/a><\/p>\n","protected":false},"excerpt":{"rendered":"<p>Nous ne louons plus que par les plateformes de r\u00e9servation G\u00eetes de France et AirBnB. Voir \u2937 reservations\/par-airbnb-etc\/ Pour toute demande sur plusieurs logements en m\u00eame temps, contactez-nous par le formulaire de contact. Voir \u2937reservations\/contact\/<\/p>\n","protected":false},"author":1,"featured_media":0,"parent":0,"menu_order":0,"comment_status":"closed","ping_status":"closed","template":"","meta":[],"_links":{"self":[{"href":"http:\/\/lacdegrandmaison.fr\/cms\/wp-json\/wp\/v2\/pages\/718"}],"collection":[{"href":"http:\/\/lacdegrandmaison.fr\/cms\/wp-json\/wp\/v2\/pages"}],"about":[{"href":"http:\/\/lacdegrandmaison.fr\/cms\/wp-json\/wp\/v2\/types\/page"}],"author":[{"embeddable":true,"href":"http:\/\/lacdegrandmaison.fr\/cms\/wp-json\/wp\/v2\/users\/1"}],"replies":[{"embeddable":true,"href":"http:\/\/lacdegrandmaison.fr\/cms\/wp-json\/wp\/v2\/comments?post=718"}],"version-history":[{"count":26,"href":"http:\/\/lacdegrandmaison.fr\/cms\/wp-json\/wp\/v2\/pages\/718\/revisions"}],"predecessor-version":[{"id":1380,"href":"http:\/\/lacdegrandmaison.fr\/cms\/wp-json\/wp\/v2\/pages\/718\/revisions\/1380"}],"wp:attachment":[{"href":"http:\/\/lacdegrandmaison.fr\/cms\/wp-json\/wp\/v2\/media?parent=718"}],"curies":[{"name":"wp","href":"https:\/\/api.w.org\/{rel}","templated":true}]}}