{"id":8,"date":"2018-02-08T19:49:16","date_gmt":"2018-02-08T18:49:16","guid":{"rendered":"http:\/\/lacdegrandmaison.fr\/cms\/?page_id=8"},"modified":"2021-09-17T19:27:04","modified_gmt":"2021-09-17T17:27:04","slug":"a-propos-de","status":"publish","type":"page","link":"http:\/\/lacdegrandmaison.fr\/cms\/a-propos-de\/","title":{"rendered":"\u00c0 propos de nous et de ce lieu"},"content":{"rendered":"<p>Nous avons d\u00e9couvert ce lieu en septembre 2015, et nous avons eu un grand coup de c\u0153ur pour le cadre, la station de Vaujany, et le b\u00e2timent.<\/p>\n<p>Les travaux n&rsquo;ont bien s\u00fbr pas \u00e9t\u00e9 de tout repos, et nous ont apport\u00e9 leurs lots de mauvaises surprises, mais d\u00e8s que nous sommes l\u00e0, nous retombons sous le charme.<\/p>\n<p>La vue est magnifique, le cadre s\u00e9r\u00e9nisant, et le b\u00e2timent offre plein d&rsquo;espaces diff\u00e9rents avec un int\u00e9r\u00eat pour chacun&#8230;<\/p>\n<p>La salle vout\u00e9e doit \u00eatre la plus belle de la r\u00e9gion, la v\u00e9randa avec vue sur le lac permet de profiter d&rsquo;\u00eatre presque dehors m\u00eame quand il ne fait pas beau, le bar est chaleureux et la chemin\u00e9e pleine de promesses, le petit haut-vent appelle \u00e0 s&rsquo;y retirer et s&rsquo;assoir sur ses chaises suspendues, la lev\u00e9e de grange \u00e0 l&rsquo;arri\u00e8re am\u00e9nag\u00e9e donne un point de vue sur la cascade de la Fare et l&rsquo;arri\u00e8re des Grandes-rousses, les balcons sur le lac du Verney, et chacun des appartements a une ambiance diff\u00e9rente&#8230;<\/p>\n<p>Le chemin communal qui va jusqu&rsquo;au lac de Grand-maison passe juste derri\u00e8re le b\u00e2timent. Une randonn\u00e9e \u00e0 la demi-journ\u00e9e permet de descendre et de faire le tour du lac, puis de remonter en passant par Oz. Et la route de l&rsquo;Enversin est id\u00e9ale pour les footing, ou les promenades sans effort.<\/p>\n<p>Vaujany est incroyablement \u00e9quip\u00e9e. Le t\u00e9l\u00e9cabine permet de rejoindre l&rsquo;Alpette, avec son chapelet de lacs allant jusque l&rsquo;Alpe d&rsquo;Huez. Le p\u00f4le de loisir contient entre autre une patinoire, une piscine, un bowling, un cin\u00e9ma&#8230; La patinoire est extraordinaire &#8230; Et la piscine avec hammam, sauna et jacuzzi&#8230; En dehors de la haute saison, une route permet d&rsquo;atteindre le col du Sabot, et des chemins permettent de monter du hameau de la Vilette au plateau de Montfrais, et m\u00eame l&rsquo;Alpette, en passant tout \u00e0 c\u00f4t\u00e9 de la cascade de la Fare&#8230;<\/p>\n<p>Et en s&rsquo;\u00e9loignant en voiture (nous ne le faisons pas en v\u00e9lo&#8230;) on peut aller au col de la croix de fer, apr\u00e8s avoir long\u00e9 le lac de Grand&rsquo;maison, ou se faire peur en passant par le chemin de la Confessions au dessus des falaises de Bourg d&rsquo;Oisans, ou encore\u00a0 \u00e0 l&rsquo;automne monter vers le col d&rsquo;Ornon et s&rsquo;\u00e9bouillir avec les couleurs des arbres.<\/p>\n","protected":false},"excerpt":{"rendered":"<p>Nous avons d\u00e9couvert ce lieu en septembre 2015, et nous avons eu un grand coup de c\u0153ur pour le cadre, la station de Vaujany, et le b\u00e2timent. Les travaux n&rsquo;ont bien s\u00fbr pas \u00e9t\u00e9 de tout repos, et nous ont apport\u00e9 leurs lots de mauvaises surprises, mais d\u00e8s que nous sommes l\u00e0, nous retombons sous &hellip; <\/p>\n<p class=\"link-more\"><a href=\"http:\/\/lacdegrandmaison.fr\/cms\/a-propos-de\/\" class=\"more-link\">Continuer la lecture<span class=\"screen-reader-text\"> de &laquo;&nbsp;\u00c0 propos de nous et de ce lieu&nbsp;&raquo;<\/span><\/a><\/p>\n","protected":false},"author":1,"featured_media":49,"parent":0,"menu_order":0,"comment_status":"closed","ping_status":"closed","template":"","meta":[],"_links":{"self":[{"href":"http:\/\/lacdegrandmaison.fr\/cms\/wp-json\/wp\/v2\/pages\/8"}],"collection":[{"href":"http:\/\/lacdegrandmaison.fr\/cms\/wp-json\/wp\/v2\/pages"}],"about":[{"href":"http:\/\/lacdegrandmaison.fr\/cms\/wp-json\/wp\/v2\/types\/page"}],"author":[{"embeddable":true,"href":"http:\/\/lacdegrandmaison.fr\/cms\/wp-json\/wp\/v2\/users\/1"}],"replies":[{"embeddable":true,"href":"http:\/\/lacdegrandmaison.fr\/cms\/wp-json\/wp\/v2\/comments?post=8"}],"version-history":[{"count":5,"href":"http:\/\/lacdegrandmaison.fr\/cms\/wp-json\/wp\/v2\/pages\/8\/revisions"}],"predecessor-version":[{"id":954,"href":"http:\/\/lacdegrandmaison.fr\/cms\/wp-json\/wp\/v2\/pages\/8\/revisions\/954"}],"wp:featuredmedia":[{"embeddable":true,"href":"http:\/\/lacdegrandmaison.fr\/cms\/wp-json\/wp\/v2\/media\/49"}],"wp:attachment":[{"href":"http:\/\/lacdegrandmaison.fr\/cms\/wp-json\/wp\/v2\/media?parent=8"}],"curies":[{"name":"wp","href":"https:\/\/api.w.org\/{rel}","templated":true}]}}