{"id":824,"date":"2019-02-09T14:41:05","date_gmt":"2019-02-09T13:41:05","guid":{"rendered":"http:\/\/lacdegrandmaison.fr\/cms\/?page_id=824"},"modified":"2019-05-05T14:31:14","modified_gmt":"2019-05-05T12:31:14","slug":"foire-aux-questions","status":"publish","type":"page","link":"http:\/\/lacdegrandmaison.fr\/cms\/foire-aux-questions\/","title":{"rendered":"Foire aux questions"},"content":{"rendered":"\n<p>Voici les r\u00e9ponses aux questions que nous recevons le plus souvent : <\/p>\n\n\n\n<p><h3>\u00c0 quelle heure pouvons-nous nous retrouver ? <\/h3>\n<p>L&rsquo;accueil pour la remise des cl\u00e9s et l&rsquo;\u00e9tat des lieux de fin de s\u00e9jour, sont faits : \u00e0 l&rsquo;arriv\u00e9e sont entre 17h et 22h, et au d\u00e9part, avant 10h.\nNous travaillons sur le campus de Grenoble et si besoin, nous devons nous organiser avec nos voisins.\nNous demandons de nous informer d&rsquo;un horaire estim\u00e9 la veille,\net de nous contacter pour nous informer plus pr\u00e9cis\u00e9ment d\u00e8s que possible.\nApr\u00e8s 22h, il y a un surco\u00fbt de 50\u20ac.\nVous pourrez nous contacter par t\u00e9l\u00e9phone ou texto pour nous tenir inform\u00e9.<\/p><\/p>\n\n\n\n<p><h3>Le linge de toilette et les draps sont-ils fournis avec suppl\u00e9ment ? <\/h3>\n<p>Les draps, serviettes de toilette et torchons sont fournis<\/p><\/p>\n\n\n\n<p><h3>Comment rejoindre la station ?<\/h3>\n<p>Une navette gratuite permet de rejoindre la station le matin et d&rsquo;en revenir le soir. Les horaires fournies par l&rsquo;office du tourisme sont \u00e0 disposition dans le classeur du logement. Par exemple, le matin, il y a une navette autour de 8h05, une autre autour de 8h30 et un autre autour de 9h.<\/p><\/p>\n\n\n\n<p><h3>A combien de temps est-on de la station et des remont\u00e9s m\u00e9caniques ?<\/h3>\n<p>\u00c0 pied l&rsquo;\u00e9t\u00e9 \u00e0 45mn, en voiture l&rsquo;hiver \u00e0 5mn. C&rsquo;est \u00e0 moins de 3 km<\/p><\/p>\n\n\n\n<p><h3>Est-ce difficile de se garer dans la station ? <\/h3>\n<p>a priori non, les voisins du dessus se garent \u00e0 l&rsquo;Enversin (o\u00f9 il a un t\u00e9l\u00e9cabine) qui est \u00e0 moins de 2 km.<\/p><\/p>\n\n\n\n<p><h3>Pouvez-vous nous conseiller un magasin de location ?<\/h3>\n<p>Nous n&rsquo;avons pas encore lou\u00e9 de skis pour nous-m\u00eame.\nIl y a bien s\u00fbr des magasins de location dans la station. \nCertains de nos locataires ont pris des skis \u00e0 Grenoble mais s&rsquo;il faut ajuster les r\u00e9glages pendant le s\u00e9jour, c&rsquo;est compliqu\u00e9. \nCependant, c&rsquo;est s\u00fbrement moins cher qu&rsquo;en station.\nPar exemple, l&rsquo;Intersport de Saint-Martin d&rsquo;H\u00e8res (avenue Gabriel Perry) loue des skis. \nSi vous choississez cette option, vous n&rsquo;aurez pas int\u00e9r\u00eat \u00e0 repasser par la rocade, mais plut\u00f4t par Uriage. \nC&rsquo;est 10mn plus long quand il n&rsquo;y a pas de voitures, mais on \u00e9vite les bouchons de la rocade et ceux entre Jarrie et Vizille.\n<\/p><\/p>\n\n\n\n<p><h3>Y a-t-il des produits de base dans la cuisine (sel, sucre, huile&#8230;) ? <\/h3>\n<p>oui ! quelques sachets de tisane et th\u00e9 pour d\u00e9marrer, une bouteille de vinaigrette, \net une bouteille d&rsquo;huile d&rsquo;olives&#8230; et du papier toilette\n<\/p><\/p>\n\n\n\n<p><h3>Le m\u00e9nage est-il bien compris dans le prix ou faut-il pr\u00e9voir des produits pour le faire ? <\/h3>\n<p>le m\u00e9nage est compris, il faut juste vider les poubelles et un minimum \u00ab\u00a0de politesse\u00a0\u00bb. \nIl y a des produits de vaisselle, pour nettoyer les plaques \u00e0 induction sans les rayer, \nquelques plaquettes pour le lave-vaisselle&#8230;\n<\/p><\/p>\n\n\n\n<p><h3>Pouvez-vous pr\u00eater des jeux de soci\u00e9t\u00e9 pendant le s\u00e9jour ? <\/h3>\n<p>oui : Trivial pursuit, Dixit, jeux de 32\/54 cartes, jeu de tar\u00f4t, petits chevaux, Dixit, &#8230;<\/p><\/p>\n\n\n\n<p><h3>Y a-t-il un local pour les skis ? <\/h3>\n<p>Vous pourrez utiliser le garage pour vos skis et vos chaussures<\/p><\/p>\n\n\n\n<p><h3>Avez-vous un lit b\u00e9b\u00e9 sur place ?  <\/h3>\n<p>Oui, plus une chaise haute, et un matelas \u00e0 langer<\/p><\/p>\n\n\n\n<p><h3>Y a-t-il une connexion Wifi ?  <\/h3>\n<p>Oui, les informations sont dans le classeur<\/p><\/p>\n\n\n\n<p><h3>Quelles activit\u00e9s nous conseillez-vous si on ne skie pas ?  <\/h3>\n<p>La station a une piscine, une patinoire, des mus\u00e9es. On peut monter \u00e0 l&rsquo;Alpette ou au D\u00f4me des Rousses en tant que pi\u00e9ton (voir le tarif aux caisses des remont\u00e9es)<\/p>\n<p>On peut prendre son forfait par Internet sur <a href=\"https:\/\/www.oz-vaujany.com\/fr\/\">https:\/\/www.oz-vaujany.com\/fr\/<\/a><\/p><\/p>\n\n\n\n<p><h3>Y a-t-il des tarifs r\u00e9duits ?  <\/h3>\n<p>Nous avons pour nous-m\u00eame une carte cinesnowcard (<a href=\"http:\/\/www.cinesnowcard.com\/contenu.php?id_contenu=54\">http:\/\/www.cinesnowcard.com\/contenu.php?id_contenu=54 Oz-Vaujany<\/a>)<\/p><\/p>\n\n\n\n<p><h3>Avez-vous des conseils pour la route ?  <\/h3>\n<p>Selon votre heure d&rsquo;arriv\u00e9e le soir, vous n&rsquo;aurez peut-\u00eatre pas envie de faire \u00e0 manger. Vous pouvez commander une pizza \u00e0 la pizzeria l&rsquo;Etape d&rsquo;Allemont (04 76 79 85 22 &#8211; voisine de la pharmacie) et la prendre en passant. Elles sont tr\u00e8s bonnes. Il y a aussi sur la route, au rond point de Vizille, une boulangerie ouverte jusqu&rsquo;\u00e0 20h (<a href=\"https:\/\/www.pagesjaunes.fr\/carte?bloc_id=047608700000000000C0001&amp;no_sequence=0&amp;code_rubrique=46051200\">https:\/\/www.pagesjaunes.fr\/carte?&#8230;<\/a>).<\/p><\/p>\n","protected":false},"excerpt":{"rendered":"<p>Voici les r\u00e9ponses aux questions que nous recevons le plus souvent : \u00c0 quelle heure pouvons-nous nous retrouver ? L&rsquo;accueil pour la remise des cl\u00e9s et l&rsquo;\u00e9tat des lieux de fin de s\u00e9jour, sont faits : \u00e0 l&rsquo;arriv\u00e9e sont entre 17h et 22h, et au d\u00e9part, avant 10h. Nous travaillons sur le campus de Grenoble &hellip; <\/p>\n<p class=\"link-more\"><a href=\"http:\/\/lacdegrandmaison.fr\/cms\/foire-aux-questions\/\" class=\"more-link\">Continuer la lecture<span class=\"screen-reader-text\"> de &laquo;&nbsp;Foire aux questions&nbsp;&raquo;<\/span><\/a><\/p>\n","protected":false},"author":1,"featured_media":0,"parent":0,"menu_order":5,"comment_status":"closed","ping_status":"closed","template":"","meta":[],"_links":{"self":[{"href":"http:\/\/lacdegrandmaison.fr\/cms\/wp-json\/wp\/v2\/pages\/824"}],"collection":[{"href":"http:\/\/lacdegrandmaison.fr\/cms\/wp-json\/wp\/v2\/pages"}],"about":[{"href":"http:\/\/lacdegrandmaison.fr\/cms\/wp-json\/wp\/v2\/types\/page"}],"author":[{"embeddable":true,"href":"http:\/\/lacdegrandmaison.fr\/cms\/wp-json\/wp\/v2\/users\/1"}],"replies":[{"embeddable":true,"href":"http:\/\/lacdegrandmaison.fr\/cms\/wp-json\/wp\/v2\/comments?post=824"}],"version-history":[{"count":17,"href":"http:\/\/lacdegrandmaison.fr\/cms\/wp-json\/wp\/v2\/pages\/824\/revisions"}],"predecessor-version":[{"id":871,"href":"http:\/\/lacdegrandmaison.fr\/cms\/wp-json\/wp\/v2\/pages\/824\/revisions\/871"}],"wp:attachment":[{"href":"http:\/\/lacdegrandmaison.fr\/cms\/wp-json\/wp\/v2\/media?parent=824"}],"curies":[{"name":"wp","href":"https:\/\/api.w.org\/{rel}","templated":true}]}}