{"id":841,"date":"2019-02-26T14:57:48","date_gmt":"2019-02-26T13:57:48","guid":{"rendered":"http:\/\/lacdegrandmaison.fr\/cms\/?page_id=841"},"modified":"2022-10-13T22:35:14","modified_gmt":"2022-10-13T20:35:14","slug":"par-airbnb-etc","status":"publish","type":"page","link":"http:\/\/lacdegrandmaison.fr\/cms\/reservations\/par-airbnb-etc\/","title":{"rendered":"Plateformes de r\u00e9servation"},"content":{"rendered":"<p>Vous pouvez louer en <a href=\"http:\/\/lacdegrandmaison.fr\/cms\/reservations\/contact\/\">nous contactant directement<\/a> ou en passant par les plateformes de r\u00e9servation o\u00f9 nous publions nos offres de locations :&nbsp;<\/p>\n<ul>\n<li>gites-de-france o\u00f9 nous publions 2 logements : <br><a href=\"https:\/\/www.gites-de-france-isere.com\/location-vacances-Gite-Le-Rissiou-a-Vaujany-38G527120.html\">n\u00b0 527120 \u00ab\u00a0Le Rissiou\u00a0\u00bb<\/a> et <a href=\"https:\/\/www.gites-de-france-isere.com\/location-vacances-Gite-Le-Flumet-a-Vaujany-38G527121.html\">n\u00b0 527121 \u00ab\u00a0Le Flumet\u00a0\u00bb<\/a>&nbsp; <\/li>\n<li>AirBnB o\u00f9 nous publions 4 logements :<br><a href=\"https:\/\/www.airbnb.fr\/users\/show\/185836856\">page de l&rsquo;h\u00f4te \u00ab\u00a0Val\u00e9rie\u00a0\u00bb sur AirBnB<\/a><\/li>\n<\/ul>\n<div style=\"float:left; text-align:center; margin-bottom:6px;\"> <a href=\"https:\/\/www.airbnb.fr\/rooms\/29872624\"> <p><\/p>\n<p>T2 Belledonne : <\/p>\n<\/a><p><a href=\"https:\/\/www.airbnb.fr\/rooms\/29872624\"><\/a><\/p>\n<p><a href=\"https:\/\/www.airbnb.fr\/rooms\/29872624\"> <img decoding=\"async\" src=\"\/docs-com\/qrCodes\/qrCode-airBnB-Belledonne.png\"> <img decoding=\"async\" src=\"\/cms\/wp-content\/uploads\/2018\/06\/Photo-23-04-2018-17-55-50.jpg\" style=\"height:300px\"> <\/a> <\/p>\n<\/div>\n<div style=\"float:left; text-align:center; margin-bottom:6px;\"> <a href=\"https:\/\/www.airbnb.fr\/rooms\/30286506\"> <p><\/p>\n<p>T2 Flumet : <\/p>\n<\/a><p><a href=\"https:\/\/www.airbnb.fr\/rooms\/30286506\"> <img decoding=\"async\" src=\"\/docs-com\/qrCodes\/qrCode-airBnB-Flumet.png\"> <img decoding=\"async\" src=\"\/cms\/wp-content\/uploads\/2018\/06\/Photo-17-03-2018-09-01-46.jpg\" style=\"width:300px\"> <\/a> <\/p><\/div>\n<div style=\"float:left; text-align:center; margin-bottom:6px;\"> <a href=\"https:\/\/www.airbnb.fr\/rooms\/30453887\"> <p><\/p>\n<p>T2 Grandes-Rousses : <\/p>\n<\/a><p><a href=\"https:\/\/www.airbnb.fr\/rooms\/30453887\"> <img decoding=\"async\" src=\"\/docs-com\/qrCodes\/qrCode-airBnB-GrandesRousses.png\"> <img decoding=\"async\" src=\"\/cms\/wp-content\/uploads\/2018\/08\/IMG_1042.jpg\" style=\"width:300px\"> <\/a> <\/p><\/div>\n<div style=\"float:left; text-align:center; margin-bottom:6px;\"> <a href=\"https:\/\/www.airbnb.fr\/rooms\/26922553\"> <p><\/p>\n<p>Duplex Rissiou : <\/p>\n<\/a><p><a href=\"https:\/\/www.airbnb.fr\/rooms\/26922553\"> <img decoding=\"async\" src=\"\/docs-com\/qrCodes\/qrCode-airBnB-Rissiou.png\">  <img decoding=\"async\" src=\"\/cms\/wp-content\/uploads\/2018\/06\/Photo-17-03-2018-09-02-27.jpg\" style=\"height:300px\"> <\/a> <\/p><\/div>\n<div style=\"clear:both\"> &nbsp; <\/div>\n\n\n<p><\/p>\n","protected":false},"excerpt":{"rendered":"<p>Vous pouvez louer en nous contactant directement ou en passant par les plateformes de r\u00e9servation o\u00f9 nous publions nos offres de locations :&nbsp; gites-de-france o\u00f9 nous publions 2 logements : n\u00b0 527120 \u00ab\u00a0Le Rissiou\u00a0\u00bb et n\u00b0 527121 \u00ab\u00a0Le Flumet\u00a0\u00bb&nbsp; AirBnB o\u00f9 nous publions 4 logements :page de l&rsquo;h\u00f4te \u00ab\u00a0Val\u00e9rie\u00a0\u00bb sur AirBnB T2 Belledonne : T2 &hellip; <\/p>\n<p class=\"link-more\"><a href=\"http:\/\/lacdegrandmaison.fr\/cms\/reservations\/par-airbnb-etc\/\" class=\"more-link\">Continuer la lecture<span class=\"screen-reader-text\"> de &laquo;&nbsp;Plateformes de r\u00e9servation&nbsp;&raquo;<\/span><\/a><\/p>\n","protected":false},"author":1,"featured_media":0,"parent":718,"menu_order":0,"comment_status":"closed","ping_status":"closed","template":"","meta":[],"_links":{"self":[{"href":"http:\/\/lacdegrandmaison.fr\/cms\/wp-json\/wp\/v2\/pages\/841"}],"collection":[{"href":"http:\/\/lacdegrandmaison.fr\/cms\/wp-json\/wp\/v2\/pages"}],"about":[{"href":"http:\/\/lacdegrandmaison.fr\/cms\/wp-json\/wp\/v2\/types\/page"}],"author":[{"embeddable":true,"href":"http:\/\/lacdegrandmaison.fr\/cms\/wp-json\/wp\/v2\/users\/1"}],"replies":[{"embeddable":true,"href":"http:\/\/lacdegrandmaison.fr\/cms\/wp-json\/wp\/v2\/comments?post=841"}],"version-history":[{"count":28,"href":"http:\/\/lacdegrandmaison.fr\/cms\/wp-json\/wp\/v2\/pages\/841\/revisions"}],"predecessor-version":[{"id":1325,"href":"http:\/\/lacdegrandmaison.fr\/cms\/wp-json\/wp\/v2\/pages\/841\/revisions\/1325"}],"up":[{"embeddable":true,"href":"http:\/\/lacdegrandmaison.fr\/cms\/wp-json\/wp\/v2\/pages\/718"}],"wp:attachment":[{"href":"http:\/\/lacdegrandmaison.fr\/cms\/wp-json\/wp\/v2\/media?parent=841"}],"curies":[{"name":"wp","href":"https:\/\/api.w.org\/{rel}","templated":true}]}}