{"id":989,"date":"2022-09-28T14:26:09","date_gmt":"2022-09-28T12:26:09","guid":{"rendered":"http:\/\/lacdegrandmaison.fr\/cms\/?page_id=989"},"modified":"2022-09-28T19:08:30","modified_gmt":"2022-09-28T17:08:30","slug":"evenementiel","status":"publish","type":"page","link":"http:\/\/lacdegrandmaison.fr\/cms\/offres-de-location\/evenementiel\/","title":{"rendered":"Ev\u00e9nementiel"},"content":{"rendered":"\n<p>Hors haute saison de location touristique, nous pouvons louer de fa\u00e7on group\u00e9e l&rsquo;essentiel des chambres de nos logements de tourisme et l&rsquo;espace de restaurant (hors cuisine professionnelle). <\/p>\n\n\n\n<p>Cette offre peut convenir pour un \u00e9v\u00e9nement comme une cousinade, un s\u00e9minaire, un stage d&rsquo;activit\u00e9s, ou un \u00e9v\u00e9nement d&rsquo;association. <\/p>\n\n\n\n<p><p>Les p\u00e9riodes possibles sont en g\u00e9n\u00e9ral : <\/p>\n<ul style=\"margin-left:20px\"><li> de d\u00e9but octobre \u00e0 mi-novembre <\/li>\n<li> de d\u00e9but mars \u00e0 d\u00e9but mai<\/li><\/ul><\/p>\n\n\n\n<p><p>L&rsquo;offre de location comprend :   <\/p>\n\n\n\n<p><p>Concernant l&rsquo;Espace Bar-Restaurant, la location comprend l&rsquo;acc\u00e8s aux salles et au bar, mais pas \u00e0 la cuisine professionnelle. Concr\u00e8tement, vous pourrez acc\u00e9der \u00e0 : <\/p>\n<ul style=\"margin-left:20px\"><li> la salle de restaurant-r\u00e9ception peut recevoir de 30 \u00e0  60 personnes assises environ dans la grande salle vout\u00e9e, <\/li>\n<li> la terrasse ext\u00e9rieur,<\/li>\n<li> la salle de restaurant-bar,<\/li>\n<li> le bar,<\/li>\n<li> des WC adapt\u00e9s aux personnes-\u00e0-mobilit\u00e9-r\u00e9duite,<\/li>\n<li> le parking (6 voitures pouvant man\u0153uvrer, plus en bloquant des voitures)<\/li><\/ul><\/p>\n\n\n\n<p><p>Concernant l&rsquo;usage des logements, la location comprend l&rsquo;acc\u00e8s \u00e0 tous les logements que nous proposons en logement de tourisme, c&rsquo;est-\u00e0-dire :<\/p>\n<ul style=\"margin-left:20px\"><li> au duplex Rissiou en entier, soit 2 chambres pour 2 personnes dont 1 couple, plus 1 canap\u00e9 convertible de 2 places dans le salon, ainsi que la cuisine, WC et salle de bain ;<\/li>\n<li> au T2 Flumet du premier \u00e9tage en entier, soit 1 chambre pour 1 couple, et un canap\u00e9 convertible BZ pour 2 personnes dans le salon, ainsi que la cuisine, et la salle de bain-WC. Ce logement est accessible de plein-pied par une rampe \u00e0 pente douce ; <\/li>\n<li> \u00e0 la chambre du T2 Grandes-Rousses du deuxi\u00e8me \u00e9tage, soit 2 lits superpos\u00e9s pouvant accueillir en tout 4 personnes, et ses WC et salle de bain ;<\/li>\n<li> \u00e0 la chambre du T2 Belledonne du deuxi\u00e8me \u00e9tage, soit 1 lit double et 1 lit simple, avec son coin douche, et ses WC ;<\/li>\n<li> \u00e0 la chambre Taillefer du deuxi\u00e8me \u00e9tage, soit 1 lit double et 1 lit simple, avec son coin douche, ses WC \u00e9tant \u00e0 l&rsquo;\u00e9tage inf\u00e9rieur ;<\/li><\/ul>\n<p>&#8230; soit un maximum de 20 personnes pouvant rester dormir sur place.<\/p><\/p>\n\n\n\n<p>Pour plus d&rsquo;informations sur les \u00e9quipements, les conditions et les tarifs, contactez-nous &#8230;<\/p>\n\n\n\n<figure class=\"wp-block-gallery has-nested-images columns-default is-cropped wp-block-gallery-1 is-layout-flex\">\n\n<figure class=\"wp-block-image size-large\"><img decoding=\"async\" loading=\"lazy\" width=\"1023\" height=\"768\" data-id=\"1010\"  src=\"http:\/\/lacdegrandmaison.fr\/cms\/wp-content\/uploads\/2022\/09\/D62E1EFE-1583-461A-87D4-3F06257EF812_1_105_c.jpeg\" alt=\"\" class=\"wp-image-1010\" srcset=\"http:\/\/lacdegrandmaison.fr\/cms\/wp-content\/uploads\/2022\/09\/D62E1EFE-1583-461A-87D4-3F06257EF812_1_105_c.jpeg 1023w, http:\/\/lacdegrandmaison.fr\/cms\/wp-content\/uploads\/2022\/09\/D62E1EFE-1583-461A-87D4-3F06257EF812_1_105_c-300x225.jpeg 300w, http:\/\/lacdegrandmaison.fr\/cms\/wp-content\/uploads\/2022\/09\/D62E1EFE-1583-461A-87D4-3F06257EF812_1_105_c-768x577.jpeg 768w\" sizes=\"(max-width: 767px) 89vw, (max-width: 1000px) 54vw, (max-width: 1071px) 543px, 580px\" \/><\/figure>\n\n\n<figure class=\"wp-block-image size-large\"><img decoding=\"async\" loading=\"lazy\" width=\"1024\" height=\"768\" data-id=\"1009\"  src=\"http:\/\/lacdegrandmaison.fr\/cms\/wp-content\/uploads\/2022\/09\/65FB6EFE-CA98-4F35-8FA9-DF91EB5E8C8F_1_105_c.jpeg\" alt=\"\" class=\"wp-image-1009\" srcset=\"http:\/\/lacdegrandmaison.fr\/cms\/wp-content\/uploads\/2022\/09\/65FB6EFE-CA98-4F35-8FA9-DF91EB5E8C8F_1_105_c.jpeg 1024w, http:\/\/lacdegrandmaison.fr\/cms\/wp-content\/uploads\/2022\/09\/65FB6EFE-CA98-4F35-8FA9-DF91EB5E8C8F_1_105_c-300x225.jpeg 300w, http:\/\/lacdegrandmaison.fr\/cms\/wp-content\/uploads\/2022\/09\/65FB6EFE-CA98-4F35-8FA9-DF91EB5E8C8F_1_105_c-768x576.jpeg 768w\" sizes=\"(max-width: 767px) 89vw, (max-width: 1000px) 54vw, (max-width: 1071px) 543px, 580px\" \/><\/figure>\n\n\n<figure class=\"wp-block-image size-large\"><img decoding=\"async\" loading=\"lazy\" width=\"1024\" height=\"768\" data-id=\"1008\"  src=\"http:\/\/lacdegrandmaison.fr\/cms\/wp-content\/uploads\/2022\/09\/62279CB6-DEC1-463E-B28E-E43AFC02F3A2_1_105_c.jpeg\" alt=\"\" class=\"wp-image-1008\" srcset=\"http:\/\/lacdegrandmaison.fr\/cms\/wp-content\/uploads\/2022\/09\/62279CB6-DEC1-463E-B28E-E43AFC02F3A2_1_105_c.jpeg 1024w, http:\/\/lacdegrandmaison.fr\/cms\/wp-content\/uploads\/2022\/09\/62279CB6-DEC1-463E-B28E-E43AFC02F3A2_1_105_c-300x225.jpeg 300w, http:\/\/lacdegrandmaison.fr\/cms\/wp-content\/uploads\/2022\/09\/62279CB6-DEC1-463E-B28E-E43AFC02F3A2_1_105_c-768x576.jpeg 768w\" sizes=\"(max-width: 767px) 89vw, (max-width: 1000px) 54vw, (max-width: 1071px) 543px, 580px\" \/><\/figure>\n\n\n<figure class=\"wp-block-image size-large\"><img decoding=\"async\" loading=\"lazy\" width=\"1024\" height=\"768\" data-id=\"1005\"  src=\"http:\/\/lacdegrandmaison.fr\/cms\/wp-content\/uploads\/2022\/09\/403602AE-0F8F-4369-AD8A-D426D0EF108C_1_105_c.jpeg\" alt=\"\" class=\"wp-image-1005\" srcset=\"http:\/\/lacdegrandmaison.fr\/cms\/wp-content\/uploads\/2022\/09\/403602AE-0F8F-4369-AD8A-D426D0EF108C_1_105_c.jpeg 1024w, http:\/\/lacdegrandmaison.fr\/cms\/wp-content\/uploads\/2022\/09\/403602AE-0F8F-4369-AD8A-D426D0EF108C_1_105_c-300x225.jpeg 300w, http:\/\/lacdegrandmaison.fr\/cms\/wp-content\/uploads\/2022\/09\/403602AE-0F8F-4369-AD8A-D426D0EF108C_1_105_c-768x576.jpeg 768w\" sizes=\"(max-width: 767px) 89vw, (max-width: 1000px) 54vw, (max-width: 1071px) 543px, 580px\" \/><\/figure>\n\n\n<figure class=\"wp-block-image size-large\"><img decoding=\"async\" loading=\"lazy\" width=\"1023\" height=\"768\" data-id=\"1003\"  src=\"http:\/\/lacdegrandmaison.fr\/cms\/wp-content\/uploads\/2022\/09\/A8D5A0A8-4345-4CC8-AF28-BC827F4D2C08_1_105_c.jpeg\" alt=\"\" class=\"wp-image-1003\" srcset=\"http:\/\/lacdegrandmaison.fr\/cms\/wp-content\/uploads\/2022\/09\/A8D5A0A8-4345-4CC8-AF28-BC827F4D2C08_1_105_c.jpeg 1023w, http:\/\/lacdegrandmaison.fr\/cms\/wp-content\/uploads\/2022\/09\/A8D5A0A8-4345-4CC8-AF28-BC827F4D2C08_1_105_c-300x225.jpeg 300w, http:\/\/lacdegrandmaison.fr\/cms\/wp-content\/uploads\/2022\/09\/A8D5A0A8-4345-4CC8-AF28-BC827F4D2C08_1_105_c-768x577.jpeg 768w\" sizes=\"(max-width: 767px) 89vw, (max-width: 1000px) 54vw, (max-width: 1071px) 543px, 580px\" \/><\/figure>\n\n\n<figure class=\"wp-block-image size-large\"><img decoding=\"async\" loading=\"lazy\" width=\"1024\" height=\"768\" data-id=\"1002\"  src=\"http:\/\/lacdegrandmaison.fr\/cms\/wp-content\/uploads\/2022\/09\/9A901C53-FC04-4198-AD09-1BAB981D19E3_1_105_c.jpeg\" alt=\"\" class=\"wp-image-1002\" srcset=\"http:\/\/lacdegrandmaison.fr\/cms\/wp-content\/uploads\/2022\/09\/9A901C53-FC04-4198-AD09-1BAB981D19E3_1_105_c.jpeg 1024w, http:\/\/lacdegrandmaison.fr\/cms\/wp-content\/uploads\/2022\/09\/9A901C53-FC04-4198-AD09-1BAB981D19E3_1_105_c-300x225.jpeg 300w, http:\/\/lacdegrandmaison.fr\/cms\/wp-content\/uploads\/2022\/09\/9A901C53-FC04-4198-AD09-1BAB981D19E3_1_105_c-768x576.jpeg 768w\" sizes=\"(max-width: 767px) 89vw, (max-width: 1000px) 54vw, (max-width: 1071px) 543px, 580px\" \/><\/figure>\n\n\n<figure class=\"wp-block-image size-large\"><img decoding=\"async\" loading=\"lazy\" width=\"1023\" height=\"768\" data-id=\"1004\"  src=\"http:\/\/lacdegrandmaison.fr\/cms\/wp-content\/uploads\/2022\/09\/7CEBDA92-AE2B-408A-9440-6C6C788A3DF1_1_105_c.jpeg\" alt=\"\" class=\"wp-image-1004\" srcset=\"http:\/\/lacdegrandmaison.fr\/cms\/wp-content\/uploads\/2022\/09\/7CEBDA92-AE2B-408A-9440-6C6C788A3DF1_1_105_c.jpeg 1023w, http:\/\/lacdegrandmaison.fr\/cms\/wp-content\/uploads\/2022\/09\/7CEBDA92-AE2B-408A-9440-6C6C788A3DF1_1_105_c-300x225.jpeg 300w, http:\/\/lacdegrandmaison.fr\/cms\/wp-content\/uploads\/2022\/09\/7CEBDA92-AE2B-408A-9440-6C6C788A3DF1_1_105_c-768x577.jpeg 768w\" sizes=\"(max-width: 767px) 89vw, (max-width: 1000px) 54vw, (max-width: 1071px) 543px, 580px\" \/><\/figure>\n\n\n<figure class=\"wp-block-image size-full\"><img decoding=\"async\" loading=\"lazy\" width=\"1024\" height=\"768\" data-id=\"1033\"  src=\"http:\/\/lacdegrandmaison.fr\/cms\/wp-content\/uploads\/2022\/09\/4894BD1F-3F38-4EE7-9973-F5B1D4928B8C_1_105_c.jpeg\" alt=\"\" class=\"wp-image-1033\" srcset=\"http:\/\/lacdegrandmaison.fr\/cms\/wp-content\/uploads\/2022\/09\/4894BD1F-3F38-4EE7-9973-F5B1D4928B8C_1_105_c.jpeg 1024w, http:\/\/lacdegrandmaison.fr\/cms\/wp-content\/uploads\/2022\/09\/4894BD1F-3F38-4EE7-9973-F5B1D4928B8C_1_105_c-300x225.jpeg 300w, http:\/\/lacdegrandmaison.fr\/cms\/wp-content\/uploads\/2022\/09\/4894BD1F-3F38-4EE7-9973-F5B1D4928B8C_1_105_c-768x576.jpeg 768w\" sizes=\"(max-width: 767px) 89vw, (max-width: 1000px) 54vw, (max-width: 1071px) 543px, 580px\" \/><\/figure>\n\n\n<figure class=\"wp-block-image size-full\"><img decoding=\"async\" loading=\"lazy\" width=\"1024\" height=\"768\" data-id=\"1037\"  src=\"https:\/\/lacdegrandmaison.fr\/cms\/wp-content\/uploads\/2022\/09\/AC2BE5D3-416E-4364-A96C-8E1D7A7DB7F7_1_105_c.jpeg\" alt=\"\" class=\"wp-image-1037\" srcset=\"http:\/\/lacdegrandmaison.fr\/cms\/wp-content\/uploads\/2022\/09\/AC2BE5D3-416E-4364-A96C-8E1D7A7DB7F7_1_105_c.jpeg 1024w, http:\/\/lacdegrandmaison.fr\/cms\/wp-content\/uploads\/2022\/09\/AC2BE5D3-416E-4364-A96C-8E1D7A7DB7F7_1_105_c-300x225.jpeg 300w, http:\/\/lacdegrandmaison.fr\/cms\/wp-content\/uploads\/2022\/09\/AC2BE5D3-416E-4364-A96C-8E1D7A7DB7F7_1_105_c-768x576.jpeg 768w\" sizes=\"(max-width: 767px) 89vw, (max-width: 1000px) 54vw, (max-width: 1071px) 543px, 580px\" \/><\/figure>\n\n\n<figure class=\"wp-block-image size-full\"><img decoding=\"async\" loading=\"lazy\" width=\"1024\" height=\"768\" data-id=\"1038\"  src=\"https:\/\/lacdegrandmaison.fr\/cms\/wp-content\/uploads\/2022\/09\/0FEFB8AC-0624-42A5-B96A-F495CDFA1DA8_1_105_c.jpeg\" alt=\"\" class=\"wp-image-1038\" srcset=\"http:\/\/lacdegrandmaison.fr\/cms\/wp-content\/uploads\/2022\/09\/0FEFB8AC-0624-42A5-B96A-F495CDFA1DA8_1_105_c.jpeg 1024w, http:\/\/lacdegrandmaison.fr\/cms\/wp-content\/uploads\/2022\/09\/0FEFB8AC-0624-42A5-B96A-F495CDFA1DA8_1_105_c-300x225.jpeg 300w, http:\/\/lacdegrandmaison.fr\/cms\/wp-content\/uploads\/2022\/09\/0FEFB8AC-0624-42A5-B96A-F495CDFA1DA8_1_105_c-768x576.jpeg 768w\" sizes=\"(max-width: 767px) 89vw, (max-width: 1000px) 54vw, (max-width: 1071px) 543px, 580px\" \/><\/figure>\n\n\n<figure class=\"wp-block-image size-large\"><img decoding=\"async\" loading=\"lazy\" width=\"1023\" height=\"768\" data-id=\"1011\"  src=\"http:\/\/lacdegrandmaison.fr\/cms\/wp-content\/uploads\/2022\/09\/0D6C9F78-BD71-4314-B44A-3F143024C901_1_105_c.jpeg\" alt=\"\" class=\"wp-image-1011\" srcset=\"http:\/\/lacdegrandmaison.fr\/cms\/wp-content\/uploads\/2022\/09\/0D6C9F78-BD71-4314-B44A-3F143024C901_1_105_c.jpeg 1023w, http:\/\/lacdegrandmaison.fr\/cms\/wp-content\/uploads\/2022\/09\/0D6C9F78-BD71-4314-B44A-3F143024C901_1_105_c-300x225.jpeg 300w, http:\/\/lacdegrandmaison.fr\/cms\/wp-content\/uploads\/2022\/09\/0D6C9F78-BD71-4314-B44A-3F143024C901_1_105_c-768x577.jpeg 768w\" sizes=\"(max-width: 767px) 89vw, (max-width: 1000px) 54vw, (max-width: 1071px) 543px, 580px\" \/><\/figure>\n\n\n<figure class=\"wp-block-image size-large\"><img decoding=\"async\" loading=\"lazy\" width=\"4032\" height=\"3024\" data-id=\"685\"  src=\"http:\/\/lacdegrandmaison.fr\/cms\/wp-content\/uploads\/2018\/08\/IMG_0989.jpg\" alt=\"\" class=\"wp-image-685\" srcset=\"http:\/\/lacdegrandmaison.fr\/cms\/wp-content\/uploads\/2018\/08\/IMG_0989.jpg 4032w, http:\/\/lacdegrandmaison.fr\/cms\/wp-content\/uploads\/2018\/08\/IMG_0989-300x225.jpg 300w, http:\/\/lacdegrandmaison.fr\/cms\/wp-content\/uploads\/2018\/08\/IMG_0989-768x576.jpg 768w, http:\/\/lacdegrandmaison.fr\/cms\/wp-content\/uploads\/2018\/08\/IMG_0989-1024x768.jpg 1024w\" sizes=\"(max-width: 767px) 89vw, (max-width: 1000px) 54vw, (max-width: 1071px) 543px, 580px\" \/><\/figure>\n\n\n<figure class=\"wp-block-image size-large\"><img decoding=\"async\" loading=\"lazy\" width=\"1023\" height=\"768\" data-id=\"1013\"  src=\"http:\/\/lacdegrandmaison.fr\/cms\/wp-content\/uploads\/2022\/09\/100DA898-A12A-4ABE-95DC-DE5E1EA1AB76_1_105_c.jpeg\" alt=\"\" class=\"wp-image-1013\" srcset=\"http:\/\/lacdegrandmaison.fr\/cms\/wp-content\/uploads\/2022\/09\/100DA898-A12A-4ABE-95DC-DE5E1EA1AB76_1_105_c.jpeg 1023w, http:\/\/lacdegrandmaison.fr\/cms\/wp-content\/uploads\/2022\/09\/100DA898-A12A-4ABE-95DC-DE5E1EA1AB76_1_105_c-300x225.jpeg 300w, http:\/\/lacdegrandmaison.fr\/cms\/wp-content\/uploads\/2022\/09\/100DA898-A12A-4ABE-95DC-DE5E1EA1AB76_1_105_c-768x577.jpeg 768w\" sizes=\"(max-width: 767px) 89vw, (max-width: 1000px) 54vw, (max-width: 1071px) 543px, 580px\" \/><\/figure>\n<figcaption class=\"blocks-gallery-caption\">Plusieurs vues sur le b\u00e2timent<\/figcaption>\n\n","protected":false},"excerpt":{"rendered":"<p>Hors haute saison de location touristique, nous pouvons louer de fa\u00e7on group\u00e9e l&rsquo;essentiel des chambres de nos logements de tourisme et l&rsquo;espace de restaurant (hors cuisine professionnelle). Cette offre peut convenir pour un \u00e9v\u00e9nement comme une cousinade, un s\u00e9minaire, un stage d&rsquo;activit\u00e9s, ou un \u00e9v\u00e9nement d&rsquo;association. Les p\u00e9riodes possibles sont en g\u00e9n\u00e9ral : de d\u00e9but &hellip; <\/p>\n<p class=\"link-more\"><a href=\"http:\/\/lacdegrandmaison.fr\/cms\/offres-de-location\/evenementiel\/\" class=\"more-link\">Continuer la lecture<span class=\"screen-reader-text\"> de &laquo;&nbsp;Ev\u00e9nementiel&nbsp;&raquo;<\/span><\/a><\/p>\n","protected":false},"author":1,"featured_media":1000,"parent":2,"menu_order":2,"comment_status":"closed","ping_status":"closed","template":"","meta":[],"_links":{"self":[{"href":"http:\/\/lacdegrandmaison.fr\/cms\/wp-json\/wp\/v2\/pages\/989"}],"collection":[{"href":"http:\/\/lacdegrandmaison.fr\/cms\/wp-json\/wp\/v2\/pages"}],"about":[{"href":"http:\/\/lacdegrandmaison.fr\/cms\/wp-json\/wp\/v2\/types\/page"}],"author":[{"embeddable":true,"href":"http:\/\/lacdegrandmaison.fr\/cms\/wp-json\/wp\/v2\/users\/1"}],"replies":[{"embeddable":true,"href":"http:\/\/lacdegrandmaison.fr\/cms\/wp-json\/wp\/v2\/comments?post=989"}],"version-history":[{"count":28,"href":"http:\/\/lacdegrandmaison.fr\/cms\/wp-json\/wp\/v2\/pages\/989\/revisions"}],"predecessor-version":[{"id":1208,"href":"http:\/\/lacdegrandmaison.fr\/cms\/wp-json\/wp\/v2\/pages\/989\/revisions\/1208"}],"up":[{"embeddable":true,"href":"http:\/\/lacdegrandmaison.fr\/cms\/wp-json\/wp\/v2\/pages\/2"}],"wp:featuredmedia":[{"embeddable":true,"href":"http:\/\/lacdegrandmaison.fr\/cms\/wp-json\/wp\/v2\/media\/1000"}],"wp:attachment":[{"href":"http:\/\/lacdegrandmaison.fr\/cms\/wp-json\/wp\/v2\/media?parent=989"}],"curies":[{"name":"wp","href":"https:\/\/api.w.org\/{rel}","templated":true}]}}